{"id":3762,"date":"2024-08-02T13:58:07","date_gmt":"2024-08-02T11:58:07","guid":{"rendered":"https:\/\/cafetoycamellia.es\/?post_type=product&#038;p=3762"},"modified":"2025-04-30T11:30:37","modified_gmt":"2025-04-30T09:30:37","slug":"cafetera-bialetti-moka-italiana-induccion","status":"publish","type":"product","link":"https:\/\/cafetoycamellia.es\/en\/product\/cafetera-bialetti-moka-italiana-induccion\/","title":{"rendered":"Cafetera Bialetti Moka (Italiana) Inducci\u00f3n"},"content":{"rendered":"<div style=\"background-color: #f7ede2; padding: 20px; border-radius: 15px; border: 1px solid #f7ede2; font-family: 'Arial', sans-serif; text-align: center;\">\n<p style=\"color: #34495e; font-size: 16px; text-align: left; padding-left: 10px;\"><strong>Complementa tu experiencia de caf\u00e9 y t\u00e9 con nuestros accesorios de alta calidad.<\/strong> Desde filtros y teteras hasta tazas y cucharas, encuentra todo lo que necesitas para disfrutar de tus bebidas favoritas al m\u00e1ximo. \ud83c\udf1f\u2615\ud83c\udf75<\/p>\n<\/div>","protected":false},"excerpt":{"rendered":"<div style=\"background-color: #f7ede2; padding: 20px; border-radius: 15px; border: 1px solid #ddd; font-family: 'Arial', sans-serif; padding-left: 20px;\">\n<div class=\"flex flex-grow flex-col max-w-full\">\n<div class=\"min-h-[20px] text-message flex w-full flex-col items-end gap-2 whitespace-pre-wrap break-words [.text-message+&amp;]:mt-5 overflow-x-auto\" dir=\"auto\" data-message-author-role=\"assistant\" data-message-id=\"72233a8a-8ec7-4cc8-a50d-1f58c559a0a3\">\n<div class=\"flex w-full flex-col gap-1 empty:hidden first:pt-[3px]\">\n<div class=\"markdown prose w-full break-words dark:prose-invert dark\">\n<h3>Cafetera Bialetti para 4 Tazas<\/h3>\n<p>La <strong>Cafetera Induction <\/strong>de la reconocida marca italiana <strong>Bialetti<\/strong> est\u00e1 dise\u00f1ada para preparar hasta 4 tazas de caf\u00e9. Esta es la \u00fanica cafetera moka que te permite disfrutar de un espresso intenso y con una crema perfecta. Es compatible con todo tipo de cocinas, incluyendo las de inducci\u00f3n. Su v\u00e1lvula especial de aluminio est\u00e1 dise\u00f1ada para crear un caf\u00e9 con una cremosidad excepcional.<\/p>\n<\/div>\n<\/div>\n<\/div>\n<\/div>\n<\/div>\n","protected":false},"featured_media":3769,"template":"","meta":{"site-sidebar-layout":"default","site-content-layout":"","ast-site-content-layout":"default","site-content-style":"default","site-sidebar-style":"default","ast-global-header-display":"","ast-banner-title-visibility":"","ast-main-header-display":"","ast-hfb-above-header-display":"","ast-hfb-below-header-display":"","ast-hfb-mobile-header-display":"","site-post-title":"","ast-breadcrumbs-content":"","ast-featured-img":"","footer-sml-layout":"","ast-disable-related-posts":"","theme-transparent-header-meta":"default","adv-header-id-meta":"","stick-header-meta":"","header-above-stick-meta":"","header-main-stick-meta":"","header-below-stick-meta":"","astra-migrate-meta-layouts":"set","ast-page-background-enabled":"default","ast-page-background-meta":{"desktop":{"background-color":"var(--ast-global-color-4)","background-image":"","background-repeat":"repeat","background-position":"center center","background-size":"auto","background-attachment":"scroll","background-type":"","background-media":"","overlay-type":"","overlay-color":"","overlay-opacity":"","overlay-gradient":""},"tablet":{"background-color":"","background-image":"","background-repeat":"repeat","background-position":"center center","background-size":"auto","background-attachment":"scroll","background-type":"","background-media":"","overlay-type":"","overlay-color":"","overlay-opacity":"","overlay-gradient":""},"mobile":{"background-color":"","background-image":"","background-repeat":"repeat","background-position":"center center","background-size":"auto","background-attachment":"scroll","background-type":"","background-media":"","overlay-type":"","overlay-color":"","overlay-opacity":"","overlay-gradient":""}},"ast-content-background-meta":{"desktop":{"background-color":"var(--ast-global-color-5)","background-image":"","background-repeat":"repeat","background-position":"center center","background-size":"auto","background-attachment":"scroll","background-type":"","background-media":"","overlay-type":"","overlay-color":"","overlay-opacity":"","overlay-gradient":""},"tablet":{"background-color":"var(--ast-global-color-5)","background-image":"","background-repeat":"repeat","background-position":"center center","background-size":"auto","background-attachment":"scroll","background-type":"","background-media":"","overlay-type":"","overlay-color":"","overlay-opacity":"","overlay-gradient":""},"mobile":{"background-color":"var(--ast-global-color-5)","background-image":"","background-repeat":"repeat","background-position":"center center","background-size":"auto","background-attachment":"scroll","background-type":"","background-media":"","overlay-type":"","overlay-color":"","overlay-opacity":"","overlay-gradient":""}}},"product_brand":[],"product_cat":[113,114],"product_tag":[],"class_list":{"0":"post-3762","1":"product","2":"type-product","3":"status-publish","4":"has-post-thumbnail","6":"product_cat-accesorios-para-cafe-y-te","7":"product_cat-cafeteras","8":"desktop-align-center","9":"tablet-align-left","10":"mobile-align-left","12":"first","13":"instock","14":"shipping-taxable","15":"purchasable","16":"product-type-variable"},"_links":{"self":[{"href":"https:\/\/cafetoycamellia.es\/en\/wp-json\/wp\/v2\/product\/3762","targetHints":{"allow":["GET"]}}],"collection":[{"href":"https:\/\/cafetoycamellia.es\/en\/wp-json\/wp\/v2\/product"}],"about":[{"href":"https:\/\/cafetoycamellia.es\/en\/wp-json\/wp\/v2\/types\/product"}],"version-history":[{"count":1,"href":"https:\/\/cafetoycamellia.es\/en\/wp-json\/wp\/v2\/product\/3762\/revisions"}],"predecessor-version":[{"id":3904,"href":"https:\/\/cafetoycamellia.es\/en\/wp-json\/wp\/v2\/product\/3762\/revisions\/3904"}],"wp:featuredmedia":[{"embeddable":true,"href":"https:\/\/cafetoycamellia.es\/en\/wp-json\/wp\/v2\/media\/3769"}],"wp:attachment":[{"href":"https:\/\/cafetoycamellia.es\/en\/wp-json\/wp\/v2\/media?parent=3762"}],"wp:term":[{"taxonomy":"product_brand","embeddable":true,"href":"https:\/\/cafetoycamellia.es\/en\/wp-json\/wp\/v2\/product_brand?post=3762"},{"taxonomy":"product_cat","embeddable":true,"href":"https:\/\/cafetoycamellia.es\/en\/wp-json\/wp\/v2\/product_cat?post=3762"},{"taxonomy":"product_tag","embeddable":true,"href":"https:\/\/cafetoycamellia.es\/en\/wp-json\/wp\/v2\/product_tag?post=3762"}],"curies":[{"name":"wp","href":"https:\/\/api.w.org\/{rel}","templated":true}]}}