{"id":3757,"date":"2024-08-02T13:31:23","date_gmt":"2024-08-02T11:31:23","guid":{"rendered":"https:\/\/cafetoycamellia.es\/?post_type=product&#038;p=3757"},"modified":"2025-12-09T11:07:11","modified_gmt":"2025-12-09T10:07:11","slug":"cafetera-hario-v60-coffee-maker","status":"publish","type":"product","link":"https:\/\/cafetoycamellia.es\/en\/product\/cafetera-hario-v60-coffee-maker\/","title":{"rendered":"Cafetera Hario V60 &#8211; Coffee Maker"},"content":{"rendered":"<div style=\"background-color: #f7ede2; padding: 20px; border-radius: 15px; border: 1px solid #f7ede2; font-family: 'Arial', sans-serif; text-align: center;\">\n<p style=\"color: #34495e; font-size: 16px; text-align: left; padding-left: 10px;\"><strong>Complementa tu experiencia de caf\u00e9 y t\u00e9 con nuestros accesorios de alta calidad.<\/strong> Desde filtros y teteras hasta tazas y cucharas, encuentra todo lo que necesitas para disfrutar de tus bebidas favoritas al m\u00e1ximo. \ud83c\udf1f\u2615\ud83c\udf75<\/p>\n<\/div>","protected":false},"excerpt":{"rendered":"<div style=\"background-color: #f7ede2; padding: 20px; border-radius: 15px; border: 1px solid #ddd; font-family: 'Arial', sans-serif; padding-left: 20px;\">\n<h3>V60 Craft Coffee Maker Hario<\/h3>\n<p>&nbsp;<\/p>\n<p>El <strong>Kit V60 Craft Coffee Maker<\/strong> te proporciona todo lo necesario para disfrutar del caf\u00e9 de especialidad en la comodidad de tu hogar.<\/p>\n<p><strong>Este kit incluye todo lo esencial para preparar tu caf\u00e9 en casa:<\/strong><\/p>\n<ul>\n<li>Cono V60 de metacrilato (tama\u00f1o 02).<\/li>\n<li>Jarra de cristal de 600 ml.<\/li>\n<li>40 filtros de papel (tama\u00f1o 02).<\/li>\n<li>Cuchara medidora de 12 gr.<\/li>\n<li>Ideal para preparar hasta 4 tazas.<\/li>\n<\/ul>\n<p><strong>\u00bfPor qu\u00e9 elegir el Kit V60 Craft Coffee Maker de Hario?<\/strong><\/p>\n<p>Su dise\u00f1o c\u00f3nico permite una expansi\u00f3n \u00f3ptima del caf\u00e9, y el control del flujo de agua prolonga el tiempo de extracci\u00f3n para una mejor infusi\u00f3n. Las estr\u00edas en espiral en el interior del cono ayudan a liberar el exceso de aire, mejorando la calidad de la extracci\u00f3n.<\/p>\n<p><strong>\u00bfC\u00f3mo preparar un caf\u00e9 con el Kit V60?<\/strong><\/p>\n<ol>\n<li>Hierve agua hasta alcanzar entre 90 \u00baC y 96 \u00baC.<\/li>\n<li>Dobla el filtro por las marcas y enju\u00e1galo con agua caliente para eliminar cualquier sabor a papel.<\/li>\n<li>Muele los granos de caf\u00e9.<\/li>\n<li>Vierte el doble de la cantidad de agua respecto al caf\u00e9 en el V60 y espera 30-45 segundos para que se expanda.<\/li>\n<li>Despu\u00e9s, vierte el resto del agua en movimientos circulares.<\/li>\n<li>Espera de 2 a 4 minutos.<\/li>\n<li>Disfruta de tu caf\u00e9 reci\u00e9n filtrado.<\/li>\n<\/ol>\n<p>Con el Kit V60 Craft Coffee Maker de Hario, podr\u00e1s experimentar el verdadero arte de preparar caf\u00e9 en casa.<\/p>\n<\/div>","protected":false},"featured_media":3761,"template":"","meta":{"site-sidebar-layout":"default","site-content-layout":"","ast-site-content-layout":"default","site-content-style":"default","site-sidebar-style":"default","ast-global-header-display":"","ast-banner-title-visibility":"","ast-main-header-display":"","ast-hfb-above-header-display":"","ast-hfb-below-header-display":"","ast-hfb-mobile-header-display":"","site-post-title":"","ast-breadcrumbs-content":"","ast-featured-img":"","footer-sml-layout":"","ast-disable-related-posts":"","theme-transparent-header-meta":"default","adv-header-id-meta":"","stick-header-meta":"","header-above-stick-meta":"","header-main-stick-meta":"","header-below-stick-meta":"","astra-migrate-meta-layouts":"set","ast-page-background-enabled":"default","ast-page-background-meta":{"desktop":{"background-color":"var(--ast-global-color-4)","background-image":"","background-repeat":"repeat","background-position":"center center","background-size":"auto","background-attachment":"scroll","background-type":"","background-media":"","overlay-type":"","overlay-color":"","overlay-opacity":"","overlay-gradient":""},"tablet":{"background-color":"","background-image":"","background-repeat":"repeat","background-position":"center center","background-size":"auto","background-attachment":"scroll","background-type":"","background-media":"","overlay-type":"","overlay-color":"","overlay-opacity":"","overlay-gradient":""},"mobile":{"background-color":"","background-image":"","background-repeat":"repeat","background-position":"center center","background-size":"auto","background-attachment":"scroll","background-type":"","background-media":"","overlay-type":"","overlay-color":"","overlay-opacity":"","overlay-gradient":""}},"ast-content-background-meta":{"desktop":{"background-color":"var(--ast-global-color-5)","background-image":"","background-repeat":"repeat","background-position":"center center","background-size":"auto","background-attachment":"scroll","background-type":"","background-media":"","overlay-type":"","overlay-color":"","overlay-opacity":"","overlay-gradient":""},"tablet":{"background-color":"var(--ast-global-color-5)","background-image":"","background-repeat":"repeat","background-position":"center center","background-size":"auto","background-attachment":"scroll","background-type":"","background-media":"","overlay-type":"","overlay-color":"","overlay-opacity":"","overlay-gradient":""},"mobile":{"background-color":"var(--ast-global-color-5)","background-image":"","background-repeat":"repeat","background-position":"center center","background-size":"auto","background-attachment":"scroll","background-type":"","background-media":"","overlay-type":"","overlay-color":"","overlay-opacity":"","overlay-gradient":""}}},"product_brand":[],"product_cat":[113,114],"product_tag":[],"class_list":{"0":"post-3757","1":"product","2":"type-product","3":"status-publish","4":"has-post-thumbnail","6":"product_cat-accesorios-para-cafe-y-te","7":"product_cat-cafeteras","8":"desktop-align-center","9":"tablet-align-left","10":"mobile-align-left","12":"first","13":"instock","14":"featured","15":"shipping-taxable","16":"purchasable","17":"product-type-simple"},"_links":{"self":[{"href":"https:\/\/cafetoycamellia.es\/en\/wp-json\/wp\/v2\/product\/3757","targetHints":{"allow":["GET"]}}],"collection":[{"href":"https:\/\/cafetoycamellia.es\/en\/wp-json\/wp\/v2\/product"}],"about":[{"href":"https:\/\/cafetoycamellia.es\/en\/wp-json\/wp\/v2\/types\/product"}],"version-history":[{"count":0,"href":"https:\/\/cafetoycamellia.es\/en\/wp-json\/wp\/v2\/product\/3757\/revisions"}],"wp:featuredmedia":[{"embeddable":true,"href":"https:\/\/cafetoycamellia.es\/en\/wp-json\/wp\/v2\/media\/3761"}],"wp:attachment":[{"href":"https:\/\/cafetoycamellia.es\/en\/wp-json\/wp\/v2\/media?parent=3757"}],"wp:term":[{"taxonomy":"product_brand","embeddable":true,"href":"https:\/\/cafetoycamellia.es\/en\/wp-json\/wp\/v2\/product_brand?post=3757"},{"taxonomy":"product_cat","embeddable":true,"href":"https:\/\/cafetoycamellia.es\/en\/wp-json\/wp\/v2\/product_cat?post=3757"},{"taxonomy":"product_tag","embeddable":true,"href":"https:\/\/cafetoycamellia.es\/en\/wp-json\/wp\/v2\/product_tag?post=3757"}],"curies":[{"name":"wp","href":"https:\/\/api.w.org\/{rel}","templated":true}]}}