{"id":3747,"date":"2024-08-02T10:48:26","date_gmt":"2024-08-02T08:48:26","guid":{"rendered":"https:\/\/cafetoycamellia.es\/?post_type=product&#038;p=3747"},"modified":"2025-01-17T13:40:27","modified_gmt":"2025-01-17T12:40:27","slug":"cafetera-bialetti-moka","status":"publish","type":"product","link":"https:\/\/cafetoycamellia.es\/en\/product\/cafetera-bialetti-moka\/","title":{"rendered":"Cafetera Bialetti &#8211; Moka"},"content":{"rendered":"<div style=\"background-color: #f7ede2; padding: 20px; border-radius: 15px; border: 1px solid #f7ede2; font-family: 'Arial', sans-serif; text-align: center;\">\n<p style=\"color: #34495e; font-size: 16px; text-align: left; padding-left: 10px;\"><strong>Complementa tu experiencia de caf\u00e9 y t\u00e9 con nuestros accesorios de alta calidad.<\/strong> Desde filtros y teteras hasta tazas y cucharas, encuentra todo lo que necesitas para disfrutar de tus bebidas favoritas al m\u00e1ximo. \ud83c\udf1f\u2615\ud83c\udf75<\/p>\n<\/div>","protected":false},"excerpt":{"rendered":"<div style=\"background-color: #f7ede2; padding: 20px; border-radius: 15px; border: 1px solid #ddd; font-family: 'Arial', sans-serif; padding-left: 20px;\">\n<h4 style=\"color: #2c3e50; text-align: left;\">Cafetera Bialetti Moka (Italiana)<\/h4>\n<h6><\/h6>\n<p><strong>La cafetera original:<\/strong> Disfruta del aut\u00e9ntico espresso italiano con la Moka Express, la ic\u00f3nica cafetera inventada por Alfonso Bialetti en 1933. Su dise\u00f1o \u00fanico y logo inimitable son sin\u00f3nimos de tradici\u00f3n y calidad.<\/p>\n<p><strong>Hecho en Italia:<\/strong> Fabricada en Italia, la Moka Express cuenta con una v\u00e1lvula de seguridad patentada y un mango ergon\u00f3mico. Disponible en varios tama\u00f1os y compatible con gas, el\u00e9ctrico e inducci\u00f3n (con la placa adaptada de Bialetti).<\/p>\n<p><strong>F\u00e1cil preparaci\u00f3n:<\/strong> Llena el tanque hasta la v\u00e1lvula de seguridad, a\u00f1ade caf\u00e9 molido sin presionar, cierra la cafetera y col\u00f3cala sobre el fuego. Una vez que hierva, apaga el fuego y disfruta de tu caf\u00e9.<\/p>\n<p><strong>Versatilidad en tama\u00f1os:<\/strong> Los tama\u00f1os de la Moka Express se miden en tazas de espresso, permiti\u00e9ndote disfrutar del caf\u00e9 en tazas peque\u00f1as o m\u00e1s grandes.<\/p>\n<p><strong>Sostenibilidad y f\u00e1cil limpieza:<\/strong> La Moka Express es una opci\u00f3n 100% sostenible. Solo necesita enjuagarse con agua despu\u00e9s de cada uso, sin detergentes, y no debe lavarse en lavaplatos para preservar su calidad y sabor.<\/p>\n<p>Tama\u00f1os disponibles: 2 tazas, 4 tazas, 6 tazas<\/p>\n<\/div>","protected":false},"featured_media":3756,"template":"","meta":{"site-sidebar-layout":"default","site-content-layout":"","ast-site-content-layout":"default","site-content-style":"default","site-sidebar-style":"default","ast-global-header-display":"","ast-banner-title-visibility":"","ast-main-header-display":"","ast-hfb-above-header-display":"","ast-hfb-below-header-display":"","ast-hfb-mobile-header-display":"","site-post-title":"","ast-breadcrumbs-content":"","ast-featured-img":"","footer-sml-layout":"","ast-disable-related-posts":"","theme-transparent-header-meta":"default","adv-header-id-meta":"","stick-header-meta":"","header-above-stick-meta":"","header-main-stick-meta":"","header-below-stick-meta":"","astra-migrate-meta-layouts":"set","ast-page-background-enabled":"default","ast-page-background-meta":{"desktop":{"background-color":"var(--ast-global-color-4)","background-image":"","background-repeat":"repeat","background-position":"center center","background-size":"auto","background-attachment":"scroll","background-type":"","background-media":"","overlay-type":"","overlay-color":"","overlay-opacity":"","overlay-gradient":""},"tablet":{"background-color":"","background-image":"","background-repeat":"repeat","background-position":"center center","background-size":"auto","background-attachment":"scroll","background-type":"","background-media":"","overlay-type":"","overlay-color":"","overlay-opacity":"","overlay-gradient":""},"mobile":{"background-color":"","background-image":"","background-repeat":"repeat","background-position":"center center","background-size":"auto","background-attachment":"scroll","background-type":"","background-media":"","overlay-type":"","overlay-color":"","overlay-opacity":"","overlay-gradient":""}},"ast-content-background-meta":{"desktop":{"background-color":"var(--ast-global-color-5)","background-image":"","background-repeat":"repeat","background-position":"center center","background-size":"auto","background-attachment":"scroll","background-type":"","background-media":"","overlay-type":"","overlay-color":"","overlay-opacity":"","overlay-gradient":""},"tablet":{"background-color":"var(--ast-global-color-5)","background-image":"","background-repeat":"repeat","background-position":"center center","background-size":"auto","background-attachment":"scroll","background-type":"","background-media":"","overlay-type":"","overlay-color":"","overlay-opacity":"","overlay-gradient":""},"mobile":{"background-color":"var(--ast-global-color-5)","background-image":"","background-repeat":"repeat","background-position":"center center","background-size":"auto","background-attachment":"scroll","background-type":"","background-media":"","overlay-type":"","overlay-color":"","overlay-opacity":"","overlay-gradient":""}}},"product_brand":[],"product_cat":[113,114],"product_tag":[],"class_list":{"0":"post-3747","1":"product","2":"type-product","3":"status-publish","4":"has-post-thumbnail","6":"product_cat-accesorios-para-cafe-y-te","7":"product_cat-cafeteras","8":"desktop-align-center","9":"tablet-align-left","10":"mobile-align-left","12":"first","13":"instock","14":"sale","15":"shipping-taxable","16":"purchasable","17":"product-type-variable"},"_links":{"self":[{"href":"https:\/\/cafetoycamellia.es\/en\/wp-json\/wp\/v2\/product\/3747","targetHints":{"allow":["GET"]}}],"collection":[{"href":"https:\/\/cafetoycamellia.es\/en\/wp-json\/wp\/v2\/product"}],"about":[{"href":"https:\/\/cafetoycamellia.es\/en\/wp-json\/wp\/v2\/types\/product"}],"version-history":[{"count":0,"href":"https:\/\/cafetoycamellia.es\/en\/wp-json\/wp\/v2\/product\/3747\/revisions"}],"wp:featuredmedia":[{"embeddable":true,"href":"https:\/\/cafetoycamellia.es\/en\/wp-json\/wp\/v2\/media\/3756"}],"wp:attachment":[{"href":"https:\/\/cafetoycamellia.es\/en\/wp-json\/wp\/v2\/media?parent=3747"}],"wp:term":[{"taxonomy":"product_brand","embeddable":true,"href":"https:\/\/cafetoycamellia.es\/en\/wp-json\/wp\/v2\/product_brand?post=3747"},{"taxonomy":"product_cat","embeddable":true,"href":"https:\/\/cafetoycamellia.es\/en\/wp-json\/wp\/v2\/product_cat?post=3747"},{"taxonomy":"product_tag","embeddable":true,"href":"https:\/\/cafetoycamellia.es\/en\/wp-json\/wp\/v2\/product_tag?post=3747"}],"curies":[{"name":"wp","href":"https:\/\/api.w.org\/{rel}","templated":true}]}}