{"id":2436,"date":"2024-06-11T10:29:12","date_gmt":"2024-06-11T08:29:12","guid":{"rendered":"https:\/\/cafetoycamellia.es\/?post_type=product&#038;p=2436"},"modified":"2026-01-09T20:08:49","modified_gmt":"2026-01-09T19:08:49","slug":"te-verde-sencha-desteinado-bio","status":"publish","type":"product","link":"https:\/\/cafetoycamellia.es\/en\/product\/te-verde-sencha-desteinado-bio\/","title":{"rendered":"T\u00e9 verde Sencha Desteinado BIO"},"content":{"rendered":"<p data-start=\"986\" data-end=\"1069\"><strong data-start=\"986\" data-end=\"1069\">T\u00e9 verde Sencha Desteinado BIO\u2013 Sabor vegetal y sin cafe\u00edna para cualquier momento<\/strong><\/p>\n<p data-start=\"1071\" data-end=\"1530\">El T\u00e9 verde Sencha Desteinado BIO es una alternativa perfecta para quienes buscan disfrutar del sabor aut\u00e9ntico del t\u00e9 verde sin los efectos de la cafe\u00edna. Procedente de Jap\u00f3n o China (seg\u00fan el lote), este t\u00e9 ha sido cuidadosamente procesado para retirar la cafe\u00edna de manera natural, sin alterar sus propiedades ni su sabor fresco y vegetal. Su aroma delicado y su perfil suave lo convierten en una opci\u00f3n ideal para el d\u00eda a d\u00eda, tanto en fr\u00edo como en caliente.<\/p>\n<p data-start=\"1532\" data-end=\"1812\">Este tipo de t\u00e9 se caracteriza por sus hojas planas y alargadas, y por su color verde vibrante que se intensifica al infusionarlo. La eliminaci\u00f3n de cafe\u00edna se realiza con m\u00e9todos delicados que conservan intactos los antioxidantes y componentes beneficiosos del t\u00e9 verde original.<\/p>\n<h4 data-start=\"1814\" data-end=\"1868\">\u00bfQu\u00e9 hace especial al T\u00e9 verde Sencha Desteinado BIO?<\/h4>\n<p data-start=\"1870\" data-end=\"2153\">Lo especial de esta variedad es que mantiene el sabor limpio y natural del Sencha cl\u00e1sico, sin el efecto estimulante. Es perfecto para personas sensibles a la cafe\u00edna, para quienes desean reducir su consumo o simplemente para quienes buscan una bebida saludable por la tarde o noche.<\/p>\n<p data-start=\"2155\" data-end=\"2318\">Adem\u00e1s, es una opci\u00f3n excelente para incluir en la carta de infusiones de cafeter\u00edas, teter\u00edas o restaurantes que apuestan por una oferta m\u00e1s natural y consciente.<\/p>\n<h4 data-start=\"2320\" data-end=\"2349\">Propiedades y beneficios<\/h4>\n<ul data-start=\"2351\" data-end=\"2649\">\n<li data-start=\"2351\" data-end=\"2411\">\n<p data-start=\"2353\" data-end=\"2411\"><strong data-start=\"2353\" data-end=\"2373\">Libre de cafe\u00edna<\/strong>: perfecto para cualquier hora del d\u00eda<\/p>\n<\/li>\n<li data-start=\"2412\" data-end=\"2474\">\n<p data-start=\"2414\" data-end=\"2474\"><strong data-start=\"2414\" data-end=\"2439\">Rico en antioxidantes<\/strong>: combate el envejecimiento celular<\/p>\n<\/li>\n<li data-start=\"2475\" data-end=\"2538\">\n<p data-start=\"2477\" data-end=\"2538\"><strong data-start=\"2477\" data-end=\"2502\">Sabor vegetal y suave<\/strong>: no necesita az\u00facar ni edulcorantes<\/p>\n<\/li>\n<li data-start=\"2539\" data-end=\"2598\">\n<p data-start=\"2541\" data-end=\"2598\"><strong data-start=\"2541\" data-end=\"2569\">Ideal en fr\u00edo y caliente<\/strong>: refrescante o reconfortante<\/p>\n<\/li>\n<li data-start=\"2599\" data-end=\"2649\">\n<p data-start=\"2601\" data-end=\"2649\"><strong data-start=\"2601\" data-end=\"2624\">Digestivo y natural<\/strong>: ligero para el est\u00f3mago<\/p>\n<\/li>\n<\/ul>\n<h4 data-start=\"2651\" data-end=\"2699\">C\u00f3mo preparar el T\u00e9 verde Sencha Desteinado BIO<\/h4>\n<ul data-start=\"2701\" data-end=\"2935\">\n<li data-start=\"2701\" data-end=\"2733\">\n<p data-start=\"2703\" data-end=\"2733\">Temperatura del agua: 70\u201380 \u00baC<\/p>\n<\/li>\n<li data-start=\"2734\" data-end=\"2767\">\n<p data-start=\"2736\" data-end=\"2767\">Tiempo de infusi\u00f3n: 2\u20133 minutos<\/p>\n<\/li>\n<li data-start=\"2768\" data-end=\"2830\">\n<p data-start=\"2770\" data-end=\"2830\">Cantidad recomendada: 2\u202fg por taza (una cucharadita colmada)<\/p>\n<\/li>\n<li data-start=\"2831\" data-end=\"2876\">\n<p data-start=\"2833\" data-end=\"2876\">Puedes hacer una segunda infusi\u00f3n m\u00e1s suave<\/p>\n<\/li>\n<li data-start=\"2877\" data-end=\"2935\">\n<p data-start=\"2879\" data-end=\"2935\">En fr\u00edo: dejar infusionar en la nevera entre 6 y 8 horas<\/p>\n<\/li>\n<\/ul>\n<hr data-start=\"2937\" data-end=\"2940\" \/>\n<h3 data-start=\"2942\" data-end=\"2961\">\u2705 Ficha t\u00e9cnica<\/h3>\n<ul data-start=\"2963\" data-end=\"3190\">\n<li data-start=\"2963\" data-end=\"2994\">\n<p data-start=\"2965\" data-end=\"2994\"><strong data-start=\"2965\" data-end=\"2973\">Tipo<\/strong>: T\u00e9 verde desteinado<\/p>\n<\/li>\n<li data-start=\"2995\" data-end=\"3041\">\n<p data-start=\"2997\" data-end=\"3041\"><strong data-start=\"2997\" data-end=\"3013\">Ingredientes<\/strong>: t\u00e9 verde Sencha desteinado<\/p>\n<\/li>\n<li data-start=\"3042\" data-end=\"3082\">\n<p data-start=\"3044\" data-end=\"3082\"><strong data-start=\"3044\" data-end=\"3054\">Origen<\/strong>: Jap\u00f3n o China (seg\u00fan lote)<\/p>\n<\/li>\n<li data-start=\"3083\" data-end=\"3127\">\n<p data-start=\"3085\" data-end=\"3127\"><strong data-start=\"3085\" data-end=\"3096\">Formato<\/strong>: 50\u202fg \/ 100\u202fg \/ 250\u202fg a granel<\/p>\n<\/li>\n<li data-start=\"3128\" data-end=\"3190\">\n<p data-start=\"3130\" data-end=\"3190\"><strong data-start=\"3130\" data-end=\"3144\">Ideal para<\/strong>: consumo diario, hosteler\u00eda, regalo saludable<\/p>\n<\/li>\n<\/ul>\n<hr data-start=\"3192\" data-end=\"3195\" \/>\n<h3 data-start=\"3197\" data-end=\"3248\">\u2705 Compra online con env\u00edo r\u00e1pido desde Valencia<\/h3>\n<p data-start=\"3250\" data-end=\"3602\">En <strong data-start=\"3253\" data-end=\"3274\">Cafeto &amp; Camellia<\/strong> nos especializamos en t\u00e9s que cuidan tu bienestar. El T\u00e9 verde Sencha Desteinado BIO es perfecto si deseas disfrutar del sabor aut\u00e9ntico del t\u00e9 sin renunciar a tu descanso. Puedes comprarlo online con env\u00edo r\u00e1pido desde Valencia a cualquier punto de Espa\u00f1a. Adem\u00e1s, ofrecemos condiciones especiales para hosteler\u00eda y profesionales.<\/p>\n<p data-start=\"3604\" data-end=\"3890\">\ud83d\udc49 Visita nuestra secci\u00f3n de <a href=\"https:\/\/cafetoycamellia.es\/en\/product-category\/tes\/verde-te\/\">t\u00e9s verdes<\/a>\u00a0para descubrir m\u00e1s variedades naturales.<br data-start=\"3741\" data-end=\"3744\" \/>\ud83d\udcf2 S\u00edguenos en Instagram <a class=\"\" href=\"https:\/\/instagram.com\/cafetoycamellia\" target=\"_new\" rel=\"noopener\" data-start=\"3769\" data-end=\"3826\">@cafetoycamellia<\/a> y acomp\u00e1\u00f1anos en nuestro viaje de sabor, salud y t\u00e9 de calidad.<\/p>\n<h3 data-start=\"350\" data-end=\"393\">Un poco de historia del T\u00e9 Verde Sencha<\/h3>\n<p data-start=\"395\" data-end=\"898\">El <em data-start=\"398\" data-end=\"415\">T\u00e9 Verde Sencha<\/em> es uno de los t\u00e9s m\u00e1s consumidos en Jap\u00f3n y representa aproximadamente el 80% de toda la producci\u00f3n de t\u00e9 verde del pa\u00eds. Su historia se remonta al siglo XVIII, cuando el monje y erudito japon\u00e9s Nagatani Soen desarroll\u00f3 el m\u00e9todo de procesamiento al vapor, que revolucion\u00f3 la manera de preparar las hojas de t\u00e9 en Jap\u00f3n. Este m\u00e9todo permiti\u00f3 mantener el color verde brillante de las hojas y conservar los compuestos antioxidantes que hoy en d\u00eda hacen del Sencha un t\u00e9 tan apreciado.<\/p>\n<p data-start=\"900\" data-end=\"1387\">A diferencia del t\u00e9 chino, que se tuesta en sart\u00e9n, el Sencha japon\u00e9s se cuece al vapor inmediatamente despu\u00e9s de la cosecha. Esta t\u00e9cnica detiene la oxidaci\u00f3n de las hojas, preservando tanto sus propiedades saludables como su caracter\u00edstico sabor fresco, vegetal y ligeramente dulce. El resultado es un t\u00e9 con cuerpo, color vibrante y un perfil de sabor que puede variar desde el umami intenso hasta notas m\u00e1s astringentes, dependiendo de la calidad de las hojas y el m\u00e9todo de cultivo.<\/p>\n<p data-start=\"1389\" data-end=\"1715\">En la cultura japonesa, el Sencha no solo es una bebida cotidiana, sino tambi\u00e9n un s\u00edmbolo de hospitalidad. Ofrecer una taza de Sencha a un invitado es una se\u00f1al de respeto y buena voluntad. Adem\u00e1s, es com\u00fan en ceremonias menos formales que el t\u00e9 Matcha, pero igualmente valorado por sus propiedades nutritivas y espirituales.<\/p>\n<p data-start=\"1717\" data-end=\"2114\">Hoy en d\u00eda, el T\u00e9 Verde Sencha se ha extendido por todo el mundo y se cultiva en otros pa\u00edses, pero los Sencha japoneses siguen siendo considerados los de mayor calidad. Su versatilidad lo hace ideal para tomar tanto caliente como fr\u00edo, y la versi\u00f3n desteinada, como la que ofrecemos en Cafeto &amp; Camellia, permite disfrutar de todo su sabor y beneficios sin los efectos estimulantes de la cafe\u00edna.<\/p>\n<p data-start=\"1717\" data-end=\"2114\">Haz de cada taza un momento de bienestar natural.<\/p>","protected":false},"excerpt":{"rendered":"<h2 data-start=\"433\" data-end=\"502\"><strong data-start=\"433\" data-end=\"502\">T\u00e9 verde Sencha Desteinado BIO \u2013 Sabor suave y beneficios sin cafe\u00edna<\/strong><\/h2>\n<p data-start=\"753\" data-end=\"931\"><strong data-start=\"869\" data-end=\"885\">Ingredientes<\/strong>: t\u00e9 verde Sencha desteinado de origen natural<\/p>\n<p><strong data-start=\"753\" data-end=\"767\">Beneficios<\/strong>:<\/p>\n<ul>\n<li>sin cafe\u00edna<\/li>\n<li>antioxidante natural<\/li>\n<li>sabor vegetal y ligero<\/li>\n<li>ideal para tomar en fr\u00edo o caliente<\/li>\n<\/ul>","protected":false},"featured_media":7604,"template":"","meta":{"site-sidebar-layout":"default","site-content-layout":"","ast-site-content-layout":"default","site-content-style":"default","site-sidebar-style":"default","ast-global-header-display":"","ast-banner-title-visibility":"","ast-main-header-display":"","ast-hfb-above-header-display":"","ast-hfb-below-header-display":"","ast-hfb-mobile-header-display":"","site-post-title":"","ast-breadcrumbs-content":"","ast-featured-img":"","footer-sml-layout":"","ast-disable-related-posts":"","theme-transparent-header-meta":"default","adv-header-id-meta":"","stick-header-meta":"","header-above-stick-meta":"","header-main-stick-meta":"","header-below-stick-meta":"","astra-migrate-meta-layouts":"set","ast-page-background-enabled":"default","ast-page-background-meta":{"desktop":{"background-color":"var(--ast-global-color-4)","background-image":"","background-repeat":"repeat","background-position":"center center","background-size":"auto","background-attachment":"scroll","background-type":"","background-media":"","overlay-type":"","overlay-color":"","overlay-opacity":"","overlay-gradient":""},"tablet":{"background-color":"","background-image":"","background-repeat":"repeat","background-position":"center center","background-size":"auto","background-attachment":"scroll","background-type":"","background-media":"","overlay-type":"","overlay-color":"","overlay-opacity":"","overlay-gradient":""},"mobile":{"background-color":"","background-image":"","background-repeat":"repeat","background-position":"center center","background-size":"auto","background-attachment":"scroll","background-type":"","background-media":"","overlay-type":"","overlay-color":"","overlay-opacity":"","overlay-gradient":""}},"ast-content-background-meta":{"desktop":{"background-color":"var(--ast-global-color-5)","background-image":"","background-repeat":"repeat","background-position":"center center","background-size":"auto","background-attachment":"scroll","background-type":"","background-media":"","overlay-type":"","overlay-color":"","overlay-opacity":"","overlay-gradient":""},"tablet":{"background-color":"var(--ast-global-color-5)","background-image":"","background-repeat":"repeat","background-position":"center center","background-size":"auto","background-attachment":"scroll","background-type":"","background-media":"","overlay-type":"","overlay-color":"","overlay-opacity":"","overlay-gradient":""},"mobile":{"background-color":"var(--ast-global-color-5)","background-image":"","background-repeat":"repeat","background-position":"center center","background-size":"auto","background-attachment":"scroll","background-type":"","background-media":"","overlay-type":"","overlay-color":"","overlay-opacity":"","overlay-gradient":""}}},"product_brand":[],"product_cat":[179,132,129],"product_tag":[],"class_list":{"0":"post-2436","1":"product","2":"type-product","3":"status-publish","4":"has-post-thumbnail","6":"product_cat-desteinado","7":"product_cat-verde-te","8":"product_cat-tes","9":"desktop-align-center","10":"tablet-align-left","11":"mobile-align-left","13":"first","14":"instock","15":"shipping-taxable","16":"purchasable","17":"product-type-variable"},"_links":{"self":[{"href":"https:\/\/cafetoycamellia.es\/en\/wp-json\/wp\/v2\/product\/2436","targetHints":{"allow":["GET"]}}],"collection":[{"href":"https:\/\/cafetoycamellia.es\/en\/wp-json\/wp\/v2\/product"}],"about":[{"href":"https:\/\/cafetoycamellia.es\/en\/wp-json\/wp\/v2\/types\/product"}],"version-history":[{"count":5,"href":"https:\/\/cafetoycamellia.es\/en\/wp-json\/wp\/v2\/product\/2436\/revisions"}],"predecessor-version":[{"id":7606,"href":"https:\/\/cafetoycamellia.es\/en\/wp-json\/wp\/v2\/product\/2436\/revisions\/7606"}],"wp:featuredmedia":[{"embeddable":true,"href":"https:\/\/cafetoycamellia.es\/en\/wp-json\/wp\/v2\/media\/7604"}],"wp:attachment":[{"href":"https:\/\/cafetoycamellia.es\/en\/wp-json\/wp\/v2\/media?parent=2436"}],"wp:term":[{"taxonomy":"product_brand","embeddable":true,"href":"https:\/\/cafetoycamellia.es\/en\/wp-json\/wp\/v2\/product_brand?post=2436"},{"taxonomy":"product_cat","embeddable":true,"href":"https:\/\/cafetoycamellia.es\/en\/wp-json\/wp\/v2\/product_cat?post=2436"},{"taxonomy":"product_tag","embeddable":true,"href":"https:\/\/cafetoycamellia.es\/en\/wp-json\/wp\/v2\/product_tag?post=2436"}],"curies":[{"name":"wp","href":"https:\/\/api.w.org\/{rel}","templated":true}]}}