{"id":4273,"date":"2024-10-28T19:21:33","date_gmt":"2024-10-28T18:21:33","guid":{"rendered":"https:\/\/cafetoycamellia.es\/?page_id=4273"},"modified":"2024-12-13T14:56:50","modified_gmt":"2024-12-13T13:56:50","slug":"yerba-mate","status":"publish","type":"page","link":"https:\/\/cafetoycamellia.es\/en\/yerba-mate\/","title":{"rendered":"Yerba Mate"},"content":{"rendered":"<div data-elementor-type=\"wp-page\" data-elementor-id=\"4273\" class=\"elementor elementor-4273\" data-elementor-post-type=\"page\">\n\t\t\t\t\t\t<section class=\"elementor-section elementor-top-section elementor-element elementor-element-2f73289 elementor-section-full_width elementor-section-height-default elementor-section-height-default\" data-id=\"2f73289\" data-element_type=\"section\" data-e-type=\"section\" data-settings=\"{&quot;background_background&quot;:&quot;classic&quot;}\">\n\t\t\t\t\t\t\t<div class=\"elementor-background-overlay\"><\/div>\n\t\t\t\t\t\t\t<div class=\"elementor-container elementor-column-gap-no\">\n\t\t\t\t\t<div class=\"elementor-column elementor-col-100 elementor-top-column elementor-element elementor-element-cd21768\" data-id=\"cd21768\" data-element_type=\"column\" data-e-type=\"column\">\n\t\t\t<div class=\"elementor-widget-wrap elementor-element-populated\">\n\t\t\t\t\t\t<div class=\"elementor-element elementor-element-bd9136b elementor-widget__width-initial elementor-widget elementor-widget-heading\" data-id=\"bd9136b\" data-element_type=\"widget\" data-e-type=\"widget\" data-widget_type=\"heading.default\">\n\t\t\t\t<div class=\"elementor-widget-container\">\n\t\t\t\t\t<h1 class=\"elementor-heading-title elementor-size-large\">Yerba Mate...<\/h1>\t\t\t\t<\/div>\n\t\t\t\t<\/div>\n\t\t\t\t<div class=\"elementor-element elementor-element-3e38709 elementor-widget elementor-widget-text-editor\" data-id=\"3e38709\" data-element_type=\"widget\" data-e-type=\"widget\" data-widget_type=\"text-editor.default\">\n\t\t\t\t<div class=\"elementor-widget-container\">\n\t\t\t\t\t\t\t\t\t<p>Amistad, Uni\u00f3n y Conexi\u00f3n Social<\/p>\t\t\t\t\t\t\t\t<\/div>\n\t\t\t\t<\/div>\n\t\t\t\t\t<\/div>\n\t\t<\/div>\n\t\t\t\t\t<\/div>\n\t\t<\/section>\n\t\t<div class=\"elementor-element elementor-element-ee845e9 e-con-full e-flex e-con e-parent\" data-id=\"ee845e9\" data-element_type=\"container\" data-e-type=\"container\">\n\t\t\t\t<div class=\"elementor-element elementor-element-9ef3433 elementor-widget-divider--view-line elementor-widget elementor-widget-divider\" data-id=\"9ef3433\" data-element_type=\"widget\" data-e-type=\"widget\" data-widget_type=\"divider.default\">\n\t\t\t\t<div class=\"elementor-widget-container\">\n\t\t\t\t\t\t\t<div class=\"elementor-divider\">\n\t\t\t<span class=\"elementor-divider-separator\">\n\t\t\t\t\t\t<\/span>\n\t\t<\/div>\n\t\t\t\t\t\t<\/div>\n\t\t\t\t<\/div>\n\t\t\t\t<\/div>\n\t\t<div class=\"elementor-element elementor-element-2de6d32 e-con-full e-flex e-con e-parent\" data-id=\"2de6d32\" data-element_type=\"container\" data-e-type=\"container\">\n\t\t\t\t<div class=\"elementor-element elementor-element-fa528ab elementor-invisible elementor-widget elementor-widget-heading\" data-id=\"fa528ab\" data-element_type=\"widget\" data-e-type=\"widget\" data-settings=\"{&quot;_animation&quot;:&quot;fadeIn&quot;}\" data-widget_type=\"heading.default\">\n\t\t\t\t<div class=\"elementor-widget-container\">\n\t\t\t\t\t<h2 class=\"elementor-heading-title elementor-size-default\">Nuestra Selecci\u00f3n de Yerba Mate<\/h2>\t\t\t\t<\/div>\n\t\t\t\t<\/div>\n\t\t\t\t<\/div>\n\t\t<div class=\"elementor-element elementor-element-0ade650 e-con-full e-flex e-con e-parent\" data-id=\"0ade650\" data-element_type=\"container\" data-e-type=\"container\">\n\t\t\t\t<div class=\"elementor-element elementor-element-8e943f8 elementor-product-loop-item--align-center elementor-grid-3 elementor-grid-tablet-3 elementor-grid-mobile-2 elementor-products-grid elementor-wc-products elementor-widget elementor-widget-woocommerce-products\" data-id=\"8e943f8\" data-element_type=\"widget\" data-e-type=\"widget\" data-widget_type=\"woocommerce-products.default\">\n\t\t\t\t<div class=\"elementor-widget-container\">\n\t\t\t\t\t<div class=\"woocommerce columns-3\"><ul class=\"products elementor-grid columns-3\">\n<li class=\"desktop-align-center tablet-align-left mobile-align-left product type-product post-2999 status-publish first instock product_cat-infusiones product_cat-infusiones-y-rooibos product_cat-yerba-mate has-post-thumbnail shipping-taxable purchasable product-type-variable\">\n\t<a href=\"https:\/\/cafetoycamellia.es\/en\/product\/infusion-yerba-mate\/\" class=\"woocommerce-LoopProduct-link woocommerce-loop-product__link\"><img fetchpriority=\"high\" decoding=\"async\" width=\"300\" height=\"300\" src=\"https:\/\/cafetoycamellia.es\/wp-content\/uploads\/2024\/06\/Cafeto-Camellia-Productos-_-2o-version-145_resultado-300x300.webp\" class=\"attachment-woocommerce_thumbnail size-woocommerce_thumbnail\" alt=\"Infusi\u00f3n Yerba Mate\" srcset=\"https:\/\/cafetoycamellia.es\/wp-content\/uploads\/2024\/06\/Cafeto-Camellia-Productos-_-2o-version-145_resultado-300x300.webp 300w, https:\/\/cafetoycamellia.es\/wp-content\/uploads\/2024\/06\/Cafeto-Camellia-Productos-_-2o-version-145_resultado-1024x1024.webp 1024w, https:\/\/cafetoycamellia.es\/wp-content\/uploads\/2024\/06\/Cafeto-Camellia-Productos-_-2o-version-145_resultado-150x150.webp 150w, https:\/\/cafetoycamellia.es\/wp-content\/uploads\/2024\/06\/Cafeto-Camellia-Productos-_-2o-version-145_resultado-768x768.webp 768w, https:\/\/cafetoycamellia.es\/wp-content\/uploads\/2024\/06\/Cafeto-Camellia-Productos-_-2o-version-145_resultado-12x12.webp 12w, https:\/\/cafetoycamellia.es\/wp-content\/uploads\/2024\/06\/Cafeto-Camellia-Productos-_-2o-version-145_resultado-600x600.webp 600w, https:\/\/cafetoycamellia.es\/wp-content\/uploads\/2024\/06\/Cafeto-Camellia-Productos-_-2o-version-145_resultado-100x100.webp 100w, https:\/\/cafetoycamellia.es\/wp-content\/uploads\/2024\/06\/Cafeto-Camellia-Productos-_-2o-version-145_resultado.webp 1080w\" sizes=\"(max-width: 300px) 100vw, 300px\" \/><h2 class=\"woocommerce-loop-product__title\">Infusi\u00f3n Yerba Mate<\/h2>\n\t<span class=\"price\"><span class=\"woocommerce-Price-amount amount\"><bdi>7,00<span class=\"woocommerce-Price-currencySymbol\">&euro;<\/span><\/bdi><\/span><\/span>\n<\/a><a href=\"https:\/\/cafetoycamellia.es\/en\/product\/infusion-yerba-mate\/\" data-quantity=\"1\" class=\"ast-on-card-button ast-select-options-trigger product_type_variable add_to_cart_button\" data-product_id=\"2999\" data-product_sku=\"\" aria-label=\"Select options for \u201cInfusi\u00f3n Yerba Mate\u201d\" rel=\"nofollow\" data-no-translation-aria-label=\"\"> <span class=\"ast-card-action-tooltip\"> Select options <\/span> <span class=\"ahfb-svg-iconset\"> <span class=\"ast-icon icon-cart\"><svg xmlns=\"http:\/\/www.w3.org\/2000\/svg\" xmlns:xlink=\"http:\/\/www.w3.org\/1999\/xlink\" version=\"1.1\" id=\"ast-cart-svg\" x=\"0px\" y=\"0px\" width=\"20px\" height=\"20px\" viewbox=\"826 837.5 140 121\" enable-background=\"new 826 837.5 140 121\" xml:space=\"preserve\">\n\t\t\t\t<path d=\"M878.77,943.611c0,2.75-1.005,5.131-3.015,7.141c-2.009,2.01-4.389,3.014-7.139,3.014c-2.75,0-5.13-1.004-7.139-3.014  c-2.01-2.01-3.015-4.391-3.015-7.141c0-2.749,1.005-5.129,3.015-7.138c2.009-2.011,4.389-3.016,7.139-3.016  c2.75,0,5.13,1.005,7.139,3.016C877.765,938.482,878.77,940.862,878.77,943.611z M949.846,943.611c0,2.75-1.005,5.131-3.015,7.141  s-4.39,3.014-7.141,3.014c-2.748,0-5.129-1.004-7.138-3.014c-2.01-2.01-3.015-4.391-3.015-7.141c0-2.749,1.005-5.129,3.015-7.138  c2.009-2.011,4.39-3.016,7.138-3.016c2.751,0,5.131,1.005,7.141,3.016C948.841,938.482,949.846,940.862,949.846,943.611z   M960,857.306v40.615c0,1.27-0.438,2.393-1.311,3.371s-1.943,1.548-3.212,1.705l-82.815,9.678c0.687,3.174,1.031,5.024,1.031,5.554  c0,0.846-0.635,2.539-1.904,5.076h72.979c1.375,0,2.564,0.503,3.569,1.508c1.006,1.005,1.508,2.194,1.508,3.569  c0,1.376-0.502,2.564-1.508,3.569c-1.005,1.005-2.194,1.507-3.569,1.507H863.54c-1.375,0-2.565-0.502-3.57-1.507  s-1.507-2.193-1.507-3.569c0-0.581,0.212-1.415,0.634-2.498c0.424-1.085,0.847-2.036,1.27-2.855c0.423-0.82,0.992-1.878,1.706-3.174  s1.124-2.076,1.23-2.34l-14.041-65.285h-16.183c-1.375,0-2.564-0.502-3.569-1.507c-1.005-1.005-1.508-2.195-1.508-3.57  c0-1.375,0.502-2.565,1.508-3.57c1.004-1.004,2.194-1.507,3.569-1.507h20.308c0.846,0,1.6,0.172,2.261,0.516  s1.177,0.754,1.547,1.229c0.37,0.476,0.714,1.124,1.032,1.944c0.316,0.819,0.528,1.507,0.634,2.062  c0.106,0.556,0.252,1.336,0.437,2.34c0.185,1.005,0.304,1.692,0.357,2.063h95.271c1.375,0,2.563,0.502,3.57,1.507  C959.497,854.741,960,855.931,960,857.306z\" \/>\n\t\t\t\t<\/svg><\/span> <\/span> <\/a><a href=\"https:\/\/cafetoycamellia.es\/en\/product\/infusion-yerba-mate\/\" aria-describedby=\"woocommerce_loop_add_to_cart_link_describedby_2999\" data-quantity=\"1\" class=\"button product_type_variable add_to_cart_button\" data-product_id=\"2999\" data-product_sku=\"\" aria-label=\"Select options for \u201cInfusi\u00f3n Yerba Mate\u201d\" rel=\"nofollow\" data-no-translation=\"\" data-trp-gettext=\"\" data-no-translation-aria-label=\"\">Select options<\/a>\t<span id=\"woocommerce_loop_add_to_cart_link_describedby_2999\" class=\"screen-reader-text\">\n\t\tThis product has multiple variants. The options may be chosen on the product page\t<\/span>\n<\/li>\n<\/ul>\n<\/div>\t\t\t\t<\/div>\n\t\t\t\t<\/div>\n\t\t\t\t<\/div>\n\t\t<div class=\"elementor-element elementor-element-7bbc1c13 e-con-full e-flex e-con e-parent\" data-id=\"7bbc1c13\" data-element_type=\"container\" data-e-type=\"container\" data-settings=\"{&quot;background_background&quot;:&quot;classic&quot;}\">\n\t\t<div class=\"elementor-element elementor-element-477585a5 e-con-full e-flex e-con e-child\" data-id=\"477585a5\" data-element_type=\"container\" data-e-type=\"container\">\n\t\t\t\t<div class=\"elementor-element elementor-element-19349d92 elementor-widget__width-inherit elementor-widget-divider--view-line elementor-invisible elementor-widget elementor-widget-divider\" data-id=\"19349d92\" data-element_type=\"widget\" data-e-type=\"widget\" data-settings=\"{&quot;_animation&quot;:&quot;fadeInLeft&quot;}\" data-widget_type=\"divider.default\">\n\t\t\t\t<div class=\"elementor-widget-container\">\n\t\t\t\t\t\t\t<div class=\"elementor-divider\">\n\t\t\t<span class=\"elementor-divider-separator\">\n\t\t\t\t\t\t<\/span>\n\t\t<\/div>\n\t\t\t\t\t\t<\/div>\n\t\t\t\t<\/div>\n\t\t\t\t<div class=\"elementor-element elementor-element-737a1865 elementor-widget__width-initial elementor-widget-tablet__width-inherit elementor-widget elementor-widget-heading\" data-id=\"737a1865\" data-element_type=\"widget\" data-e-type=\"widget\" data-widget_type=\"heading.default\">\n\t\t\t\t<div class=\"elementor-widget-container\">\n\t\t\t\t\t<h2 class=\"elementor-heading-title elementor-size-default\">\u00bfQu\u00e9 es la <br>Yerba Mate?\n<\/h2>\t\t\t\t<\/div>\n\t\t\t\t<\/div>\n\t\t\t\t<div class=\"elementor-element elementor-element-6ecee4bd elementor-widget__width-initial elementor-widget-tablet__width-inherit elementor-widget elementor-widget-text-editor\" data-id=\"6ecee4bd\" data-element_type=\"widget\" data-e-type=\"widget\" data-widget_type=\"text-editor.default\">\n\t\t\t\t<div class=\"elementor-widget-container\">\n\t\t\t\t\t\t\t\t\t<p>La yerba mate es una planta nativa de Am\u00e9rica del Sur, especialmente cultivada en pa\u00edses como Argentina, Uruguay, Paraguay y Brasil.<\/p><p>Se prepara como una infusi\u00f3n de las hojas secas de la planta Ilex paraguariensis, que se caracteriza por su sabor amargo y sus efectos estimulantes, debido a su contenido de cafe\u00edna.<\/p><p>La yerba mate se consume tradicionalmente en una calabaza (mate) con una bombilla, y es un s\u00edmbolo de socializaci\u00f3n y cultura en muchos pa\u00edses sudamericanos.<\/p><h3>\u00a0<\/h3>\t\t\t\t\t\t\t\t<\/div>\n\t\t\t\t<\/div>\n\t\t\t\t<\/div>\n\t\t\t\t<div class=\"elementor-element elementor-element-431e06ea elementor-widget__width-inherit elementor-invisible elementor-widget elementor-widget-image\" data-id=\"431e06ea\" data-element_type=\"widget\" data-e-type=\"widget\" data-settings=\"{&quot;_animation&quot;:&quot;fadeInUp&quot;}\" data-widget_type=\"image.default\">\n\t\t\t\t<div class=\"elementor-widget-container\">\n\t\t\t\t\t\t\t\t\t\t\t\t\t\t\t<img decoding=\"async\" src=\"https:\/\/cafetoycamellia.es\/wp-content\/uploads\/elementor\/thumbs\/Que-es-la-Yerba-Mate-Photo-by-ema-reynares-httpswww.pexels.comphotoyerba-mate-cup-on-road-in-mountains-17300129-scaled-e1730234256625-qwae6te1y55k5f3ekmy9padyu281s0kdgl1ss7ecbk.jpg\" title=\"Qu\u00e9 es la Yerba Mate (Photo by ema reynares httpswww.pexels.comphotoyerba-mate-cup-on-road-in-mountains-17300129)\" alt=\"Qu\u00e9 es la Yerba Mate\" loading=\"lazy\" \/>\t\t\t\t\t\t\t\t\t\t\t\t\t\t\t<\/div>\n\t\t\t\t<\/div>\n\t\t\t\t<\/div>\n\t\t<div class=\"elementor-element elementor-element-3a76fd74 e-con-full e-flex e-con e-parent\" data-id=\"3a76fd74\" data-element_type=\"container\" data-e-type=\"container\" data-settings=\"{&quot;background_background&quot;:&quot;classic&quot;}\">\n\t\t<div class=\"elementor-element elementor-element-654b0468 e-con-full e-flex e-con e-child\" data-id=\"654b0468\" data-element_type=\"container\" data-e-type=\"container\">\n\t\t\t\t<div class=\"elementor-element elementor-element-5119ab68 elementor-widget elementor-widget-heading\" data-id=\"5119ab68\" data-element_type=\"widget\" data-e-type=\"widget\" data-widget_type=\"heading.default\">\n\t\t\t\t<div class=\"elementor-widget-container\">\n\t\t\t\t\t<h2 class=\"elementor-heading-title elementor-size-default\">C\u00f3mo Preparar el <br>Yerba Mate Perfecto\n<\/h2>\t\t\t\t<\/div>\n\t\t\t\t<\/div>\n\t\t\t\t<div class=\"elementor-element elementor-element-769b16fa elementor-widget elementor-widget-heading\" data-id=\"769b16fa\" data-element_type=\"widget\" data-e-type=\"widget\" data-widget_type=\"heading.default\">\n\t\t\t\t<div class=\"elementor-widget-container\">\n\t\t\t\t\t<h3 class=\"elementor-heading-title elementor-size-default\">Preparar el yerba mate es un arte que requiere atenci\u00f3n a algunos detalles. Aqu\u00ed te explicamos c\u00f3mo hacerlo:\n\n\n\n<\/h3>\t\t\t\t<\/div>\n\t\t\t\t<\/div>\n\t\t<div class=\"elementor-element elementor-element-59bbadf e-con-full e-flex e-con e-child\" data-id=\"59bbadf\" data-element_type=\"container\" data-e-type=\"container\">\n\t\t\t\t<div class=\"elementor-element elementor-element-d192264 elementor-widget elementor-widget-text-editor\" data-id=\"d192264\" data-element_type=\"widget\" data-e-type=\"widget\" data-widget_type=\"text-editor.default\">\n\t\t\t\t<div class=\"elementor-widget-container\">\n\t\t\t\t\t\t\t\t\t<ol><li><strong>Selecciona la Yerba<\/strong>: Escoge una yerba mate de calidad. Hay muchas marcas, como Tarag\u00fci, Rosamonte y Kurupi, que ofrecen diferentes perfiles de sabor.<\/li><li><strong>Materiales Necesarios<\/strong>: Necesitar\u00e1s un mate (calabaza) y una bombilla (sorbete met\u00e1lico).<\/li><li><strong>Llenado<\/strong>: Llena el mate con yerba, dejando un espacio en la parte superior para el agua.<\/li><li><strong>Inclinaci\u00f3n<\/strong>: Inclina el mate para que la yerba se acomode en un lado, creando un espacio donde verter\u00e1s el agua.<\/li><li><strong>Agua<\/strong>: Vierte agua caliente (no hirviendo) en el espacio vac\u00edo y coloca la bombilla en el lado inclinado.<\/li><li><strong>Disfruta<\/strong>: Bebe y comparte con amigos, a\u00f1adiendo m\u00e1s agua caliente cuando la yerba se empiece a debilitar.<\/li><\/ol><ul><li style=\"list-style-type: none;\">\u00a0<\/li><\/ul>\t\t\t\t\t\t\t\t<\/div>\n\t\t\t\t<\/div>\n\t\t\t\t<\/div>\n\t\t\t\t<div class=\"elementor-element elementor-element-17898c18 elementor-widget elementor-widget-image\" data-id=\"17898c18\" data-element_type=\"widget\" data-e-type=\"widget\" data-widget_type=\"image.default\">\n\t\t\t\t<div class=\"elementor-widget-container\">\n\t\t\t\t\t\t\t\t\t\t\t\t\t\t\t<img decoding=\"async\" src=\"https:\/\/cafetoycamellia.es\/wp-content\/uploads\/elementor\/thumbs\/Yerba-Mate-Perfecto-Photo-by-Matias-Megapixel-on-Unsplash-scaled-qwae4txng5r3a7mhurpoqci8i0zz2nlnxsj31mklfs.jpg\" title=\"Yerba Mate Perfecto (Photo by Matias Megapixel on Unsplash)\" alt=\"Yerba Mate Perfecto\" loading=\"lazy\" \/>\t\t\t\t\t\t\t\t\t\t\t\t\t\t\t<\/div>\n\t\t\t\t<\/div>\n\t\t\t\t<\/div>\n\t\t<div class=\"elementor-element elementor-element-7ca07726 e-con-full e-flex e-con e-child\" data-id=\"7ca07726\" data-element_type=\"container\" data-e-type=\"container\" data-settings=\"{&quot;background_background&quot;:&quot;classic&quot;}\">\n\t\t\t\t<\/div>\n\t\t\t\t<\/div>\n\t\t<div class=\"elementor-element elementor-element-59f2950 e-con-full e-flex e-con e-parent\" data-id=\"59f2950\" data-element_type=\"container\" data-e-type=\"container\" data-settings=\"{&quot;background_background&quot;:&quot;classic&quot;}\">\n\t\t\t\t<div class=\"elementor-element elementor-element-5b6cb5b elementor-invisible elementor-widget elementor-widget-heading\" data-id=\"5b6cb5b\" data-element_type=\"widget\" data-e-type=\"widget\" data-settings=\"{&quot;_animation&quot;:&quot;fadeIn&quot;}\" data-widget_type=\"heading.default\">\n\t\t\t\t<div class=\"elementor-widget-container\">\n\t\t\t\t\t<h2 class=\"elementor-heading-title elementor-size-default\">Preguntas M\u00e1s Frecuentes<\/h2>\t\t\t\t<\/div>\n\t\t\t\t<\/div>\n\t\t<div class=\"elementor-element elementor-element-8cb8871 e-con-full e-flex e-con e-child\" data-id=\"8cb8871\" data-element_type=\"container\" data-e-type=\"container\">\n\t\t\t\t<div class=\"elementor-element elementor-element-fd4e6a5 elementor-widget__width-inherit elementor-widget elementor-widget-toggle\" data-id=\"fd4e6a5\" data-element_type=\"widget\" data-e-type=\"widget\" data-widget_type=\"toggle.default\">\n\t\t\t\t<div class=\"elementor-widget-container\">\n\t\t\t\t\t\t\t<div class=\"elementor-toggle\">\n\t\t\t\t\t\t\t<div class=\"elementor-toggle-item\">\n\t\t\t\t\t<h5 id=\"elementor-tab-title-2651\" class=\"elementor-tab-title\" data-tab=\"1\" role=\"button\" aria-controls=\"elementor-tab-content-2651\" aria-expanded=\"false\">\n\t\t\t\t\t\t\t\t\t\t\t\t<a class=\"elementor-toggle-title\" tabindex=\"0\">\u00bfCu\u00e1les son las propiedades del yerba mate?<\/a>\n\t\t\t\t\t<\/h5>\n\n\t\t\t\t\t<div id=\"elementor-tab-content-2651\" class=\"elementor-tab-content elementor-clearfix\" data-tab=\"1\" role=\"region\" aria-labelledby=\"elementor-tab-title-2651\"><p>Las propiedades del yerba mate incluyen cafe\u00edna, antioxidantes y compuestos antiinflamatorios que pueden beneficiar la salud.<\/p><\/div>\n\t\t\t\t<\/div>\n\t\t\t\t\t\t\t<div class=\"elementor-toggle-item\">\n\t\t\t\t\t<h5 id=\"elementor-tab-title-2652\" class=\"elementor-tab-title\" data-tab=\"2\" role=\"button\" aria-controls=\"elementor-tab-content-2652\" aria-expanded=\"false\">\n\t\t\t\t\t\t\t\t\t\t\t\t<a class=\"elementor-toggle-title\" tabindex=\"0\">\u00bfExisten contraindicaciones para consumir yerba mate?<\/a>\n\t\t\t\t\t<\/h5>\n\n\t\t\t\t\t<div id=\"elementor-tab-content-2652\" class=\"elementor-tab-content elementor-clearfix\" data-tab=\"2\" role=\"region\" aria-labelledby=\"elementor-tab-title-2652\"><p>Aunque es seguro para la mayor\u00eda, se recomienda moderar su consumo en personas sensibles a la cafe\u00edna y evitar en casos de ciertos problemas de salud como ansiedad.<\/p><\/div>\n\t\t\t\t<\/div>\n\t\t\t\t\t\t\t\t<\/div>\n\t\t\t\t\t\t<\/div>\n\t\t\t\t<\/div>\n\t\t\t\t<\/div>\n\t\t\t\t<\/div>\n\t\t\t\t<\/div>","protected":false},"excerpt":{"rendered":"<p>Yerba Mate&#8230; Amistad, Uni\u00f3n y Conexi\u00f3n Social Nuestra Selecci\u00f3n de Yerba Mate \u00bfQu\u00e9 es la Yerba Mate? La yerba mate [&hellip;]<\/p>\n","protected":false},"author":9,"featured_media":0,"parent":0,"menu_order":0,"comment_status":"closed","ping_status":"closed","template":"","meta":{"site-sidebar-layout":"no-sidebar","site-content-layout":"","ast-site-content-layout":"full-width-container","site-content-style":"default","site-sidebar-style":"default","ast-global-header-display":"","ast-banner-title-visibility":"","ast-main-header-display":"","ast-hfb-above-header-display":"","ast-hfb-below-header-display":"","ast-hfb-mobile-header-display":"","site-post-title":"disabled","ast-breadcrumbs-content":"","ast-featured-img":"disabled","footer-sml-layout":"","ast-disable-related-posts":"","theme-transparent-header-meta":"","adv-header-id-meta":"","stick-header-meta":"","header-above-stick-meta":"","header-main-stick-meta":"","header-below-stick-meta":"","astra-migrate-meta-layouts":"default","ast-page-background-enabled":"default","ast-page-background-meta":{"desktop":{"background-color":"var(--ast-global-color-4)","background-image":"","background-repeat":"repeat","background-position":"center center","background-size":"auto","background-attachment":"scroll","background-type":"","background-media":"","overlay-type":"","overlay-color":"","overlay-opacity":"","overlay-gradient":""},"tablet":{"background-color":"","background-image":"","background-repeat":"repeat","background-position":"center center","background-size":"auto","background-attachment":"scroll","background-type":"","background-media":"","overlay-type":"","overlay-color":"","overlay-opacity":"","overlay-gradient":""},"mobile":{"background-color":"","background-image":"","background-repeat":"repeat","background-position":"center center","background-size":"auto","background-attachment":"scroll","background-type":"","background-media":"","overlay-type":"","overlay-color":"","overlay-opacity":"","overlay-gradient":""}},"ast-content-background-meta":{"desktop":{"background-color":"var(--ast-global-color-5)","background-image":"","background-repeat":"repeat","background-position":"center center","background-size":"auto","background-attachment":"scroll","background-type":"","background-media":"","overlay-type":"","overlay-color":"","overlay-opacity":"","overlay-gradient":""},"tablet":{"background-color":"var(--ast-global-color-5)","background-image":"","background-repeat":"repeat","background-position":"center center","background-size":"auto","background-attachment":"scroll","background-type":"","background-media":"","overlay-type":"","overlay-color":"","overlay-opacity":"","overlay-gradient":""},"mobile":{"background-color":"var(--ast-global-color-5)","background-image":"","background-repeat":"repeat","background-position":"center center","background-size":"auto","background-attachment":"scroll","background-type":"","background-media":"","overlay-type":"","overlay-color":"","overlay-opacity":"","overlay-gradient":""}},"footnotes":""},"class_list":["post-4273","page","type-page","status-publish","hentry"],"_links":{"self":[{"href":"https:\/\/cafetoycamellia.es\/en\/wp-json\/wp\/v2\/pages\/4273","targetHints":{"allow":["GET"]}}],"collection":[{"href":"https:\/\/cafetoycamellia.es\/en\/wp-json\/wp\/v2\/pages"}],"about":[{"href":"https:\/\/cafetoycamellia.es\/en\/wp-json\/wp\/v2\/types\/page"}],"author":[{"embeddable":true,"href":"https:\/\/cafetoycamellia.es\/en\/wp-json\/wp\/v2\/users\/9"}],"replies":[{"embeddable":true,"href":"https:\/\/cafetoycamellia.es\/en\/wp-json\/wp\/v2\/comments?post=4273"}],"version-history":[{"count":33,"href":"https:\/\/cafetoycamellia.es\/en\/wp-json\/wp\/v2\/pages\/4273\/revisions"}],"predecessor-version":[{"id":5351,"href":"https:\/\/cafetoycamellia.es\/en\/wp-json\/wp\/v2\/pages\/4273\/revisions\/5351"}],"wp:attachment":[{"href":"https:\/\/cafetoycamellia.es\/en\/wp-json\/wp\/v2\/media?parent=4273"}],"curies":[{"name":"wp","href":"https:\/\/api.w.org\/{rel}","templated":true}]}}