{"id":3684,"date":"2024-07-24T13:04:50","date_gmt":"2024-07-24T11:04:50","guid":{"rendered":"https:\/\/cafetoycamellia.es\/?page_id=3684"},"modified":"2024-07-25T18:18:23","modified_gmt":"2024-07-25T16:18:23","slug":"politica-de-privacidad","status":"publish","type":"page","link":"https:\/\/cafetoycamellia.es\/en\/politica-de-privacidad\/","title":{"rendered":"Pol\u00edtica de Privacidad"},"content":{"rendered":"<h2 class=\"wp-block-heading\"><strong>INFORMACI\u00d3N DE CONTACTO<\/strong><\/h2>\n\n\n\n<p><strong>Propietario y Controlador de Datos<\/strong><br>Molino, Silvia Beatriz (Cafeto y Camellia)<br>Calle Calixto lll, 45, CP 46008, Valencia, Espa\u00f1a<br>Correo electr\u00f3nico de contacto: tienda@cafetoycamellia.es<\/p>\n\n\n\n<hr class=\"wp-block-separator has-alpha-channel-opacity\"\/>\n\n\n\n<h2 class=\"wp-block-heading\"><strong>POL\u00cdTICA DE PRIVACIDAD<\/strong><\/h2>\n\n\n\n<p>Respetamos tu privacidad y estamos comprometidos a proteger tu informaci\u00f3n personal. Esta Pol\u00edtica de Privacidad explica qu\u00e9 informaci\u00f3n recopilamos sobre ti y por qu\u00e9, qu\u00e9 hacemos con esa informaci\u00f3n y c\u00f3mo la manejamos.<\/p>\n\n\n\n<p>Esta Pol\u00edtica se aplica entre t\u00fa, el usuario de este sitio web (https:\/\/cafetoycamellia.es) y Molino, Silvia Beatriz, propietaria y proveedora de este sitio web.<\/p>\n\n\n\n<hr class=\"wp-block-separator has-alpha-channel-opacity\"\/>\n\n\n\n<h2 class=\"wp-block-heading\"><strong>LA INFORMACI\u00d3N QUE RECOPILAMOS Y POR QU\u00c9 LA RECOPILAMOS<\/strong><\/h2>\n\n\n\n<p>Recopilamos informaci\u00f3n de varias maneras en este sitio web, incluyendo pero no limitado a:<\/p>\n\n\n\n<ul class=\"wp-block-list\">\n<li>Detalles personales: tu nombre, direcci\u00f3n de correo electr\u00f3nico, direcci\u00f3n postal, n\u00famero de contacto.<\/li>\n\n\n\n<li>Informaci\u00f3n financiera: direcci\u00f3n de facturaci\u00f3n.<\/li>\n\n\n\n<li>Otra informaci\u00f3n relacionada con tu solicitud de nuestros productos o servicios.<\/li>\n<\/ul>\n\n\n\n<p>Nuestro prop\u00f3sito al recopilar informaci\u00f3n es proporcionarte una experiencia eficiente, significativa y personalizada. Por ejemplo, usamos tu informaci\u00f3n personal para:<\/p>\n\n\n\n<ul class=\"wp-block-list\">\n<li>Procesar y cumplir con tus pedidos o solicitudes.<\/li>\n\n\n\n<li>Notificarte sobre el estado de la entrega de tu pedido.<\/li>\n\n\n\n<li>Informarte sobre las \u00faltimas actualizaciones de nuestros productos y servicios.<\/li>\n\n\n\n<li>Mejorar nuestros servicios o actividades de marketing.<\/li>\n<\/ul>\n\n\n\n<p><strong>Cliente de tienda online:<\/strong>&nbsp;Durante el registro o al realizar un pedido, se te pedir\u00e1 que proporciones informaci\u00f3n personal, incluyendo pero no limitado a tu nombre, direcciones de env\u00edo y facturaci\u00f3n, n\u00famero de tel\u00e9fono y direcci\u00f3n de correo electr\u00f3nico. Esta informaci\u00f3n personal se usa para fines de facturaci\u00f3n, para cumplir con tus pedidos, para comunicarnos contigo sobre tu pedido y para fines de marketing interno. Si encontramos un problema al procesar tu pedido, tu informaci\u00f3n personal puede ser utilizada para contactarte.<\/p>\n\n\n\n<hr class=\"wp-block-separator has-alpha-channel-opacity\"\/>\n\n\n\n<h2 class=\"wp-block-heading\"><strong>C\u00d3MO USAMOS Y DIVULGAMOS TU INFORMACI\u00d3N<\/strong><\/h2>\n\n\n\n<p>Cualquiera o toda la informaci\u00f3n mencionada anteriormente puede ser requerida por nosotros de vez en cuando para proporcionarte el mejor servicio posible y experiencia cuando uses nuestro sitio web. Espec\u00edficamente, tu informaci\u00f3n personal puede ser utilizada por nosotros para los siguientes motivos:<\/p>\n\n\n\n<ul class=\"wp-block-list\">\n<li><strong>Uso interno:<\/strong>&nbsp;Usamos tu informaci\u00f3n personal para procesar tu pedido y brindarte servicio al cliente. Podemos usar internamente tu informaci\u00f3n personal para mejorar el contenido y la disposici\u00f3n del sitio web, para mejorar el alcance y para nuestros propios esfuerzos de marketing (incluyendo el marketing de nuestros servicios y productos para ti), para proporcionarte publicidad basada en tus intereses seg\u00fan la forma en que navegas y compras en el sitio web, y para determinar informaci\u00f3n general del mercado sobre los visitantes del sitio web.<\/li>\n\n\n\n<li><strong>Comunicaci\u00f3n contigo:<\/strong>&nbsp;Podemos usar tu informaci\u00f3n personal para comunicarnos contigo sobre el sitio web y tus pedidos y entregas. Si te suscribes a nuestros boletines utilizando tu correo electr\u00f3nico, lo usaremos para enviarte informaci\u00f3n. Siempre proporcionamos la opci\u00f3n de optar por no recibir correos electr\u00f3nicos futuros cada vez que enviamos un bolet\u00edn.<\/li>\n\n\n\n<li><strong>Uso externo:<\/strong>&nbsp;No vendemos, alquilamos, intercambiamos, licenciamos ni divulgamos de ninguna otra manera tu informaci\u00f3n personal espec\u00edfica o informaci\u00f3n financiera a nadie.<\/li>\n<\/ul>\n\n\n\n<p>Podemos transmitir tu informaci\u00f3n personal si tenemos una obligaci\u00f3n legal de hacerlo, o si tenemos que hacer cumplir o aplicar nuestros t\u00e9rminos de uso y otros acuerdos. Esto incluye intercambiar informaci\u00f3n con otros departamentos gubernamentales por razones legales.<\/p>\n\n\n\n<hr class=\"wp-block-separator has-alpha-channel-opacity\"\/>\n\n\n\n<h2 class=\"wp-block-heading\"><strong>TUS DERECHOS DE ACCESO, CORRECCI\u00d3N Y ELIMINACI\u00d3N<\/strong><\/h2>\n\n\n\n<p>Respetamos tu derecho a acceder y corregir tu informaci\u00f3n personal. Tambi\u00e9n puedes solicitar que actualicemos tu informaci\u00f3n personal o corregir cualquier error f\u00e1ctico que creas que pueda existir respecto a esta informaci\u00f3n. Tambi\u00e9n puedes ejercer tus derechos, sujetos a las leyes aplicables, para solicitar que eliminemos o restrinjamos el acceso a tus datos personales. Podemos necesitar retenerla para fines permitidos por la ley y esto te ser\u00e1 explicado si es necesario. Si necesitas asistencia para corregir o actualizar tu informaci\u00f3n personal, o deseas solicitar que eliminemos tu informaci\u00f3n personal, cont\u00e1ctanos con tu solicitud en tienda@cafetoycamellia.es.<\/p>\n\n\n\n<hr class=\"wp-block-separator has-alpha-channel-opacity\"\/>\n\n\n\n<h2 class=\"wp-block-heading\"><strong>BASE LEGAL PARA EL PROCESAMIENTO<\/strong><\/h2>\n\n\n\n<p><strong>Consentimiento:<\/strong>&nbsp;Al divulgar tu informaci\u00f3n personal a nosotros utilizando este sitio web, consientes en la recopilaci\u00f3n, almacenamiento y procesamiento de tu informaci\u00f3n personal por Molino, Silvia Beatriz en la manera establecida en esta Pol\u00edtica de Privacidad.<\/p>\n\n\n\n<p><strong>Intereses leg\u00edtimos:<\/strong>&nbsp;Si el procesamiento es necesario para tus intereses, por ejemplo, informarte de un retraso en tu entrega, esto se realiza utilizando intereses leg\u00edtimos como base legal.<\/p>\n\n\n\n<hr class=\"wp-block-separator has-alpha-channel-opacity\"\/>\n\n\n\n<h2 class=\"wp-block-heading\"><strong>RETENCI\u00d3N DE TU INFORMACI\u00d3N PERSONAL<\/strong><\/h2>\n\n\n\n<p>La informaci\u00f3n personal que recopilamos, accedemos o procesamos ser\u00e1 retenida solo mientras sea necesario para el cumplimiento de los fines para los cuales se recopil\u00f3, a menos que se indique lo contrario en acuerdos entre t\u00fa y Molino, Silvia Beatriz o seg\u00fan lo requiera o autorice la ley. La informaci\u00f3n personal que ya no sea necesaria para cumplir con los fines identificados ser\u00e1 destruida, borrada o desidentificada.<\/p>\n\n\n\n<hr class=\"wp-block-separator has-alpha-channel-opacity\"\/>\n\n\n\n<h2 class=\"wp-block-heading\"><strong>SEGURIDAD DE LOS DATOS<\/strong><\/h2>\n\n\n\n<p>El sitio web incorpora procedimientos f\u00edsicos, electr\u00f3nicos y administrativos razonables y apropiados para salvaguardar la confidencialidad de tu informaci\u00f3n personal. El acceso a tu informaci\u00f3n personal est\u00e1 restringido. Solo se otorga acceso a tu informaci\u00f3n personal a empleados que necesitan acceder a ella para realizar un trabajo espec\u00edfico.<\/p>\n\n\n\n<hr class=\"wp-block-separator has-alpha-channel-opacity\"\/>\n\n\n\n<h2 class=\"wp-block-heading\"><strong>ACCESO POR PARTE DE NI\u00d1OS<\/strong><\/h2>\n\n\n\n<p>Este sitio web no est\u00e1 dirigido a ni\u00f1os menores de 13 a\u00f1os y Molino, Silvia Beatriz no recopila ni utiliza deliberadamente informaci\u00f3n de ni\u00f1os menores de 13 a\u00f1os sin el consentimiento verificable de los padres. Si crees que un ni\u00f1o nos ha proporcionado informaci\u00f3n personal, cont\u00e1ctanos de inmediato como se describe a continuaci\u00f3n y nos esforzaremos por investigar y eliminar dicha informaci\u00f3n de nuestros sistemas.<\/p>\n\n\n\n<hr class=\"wp-block-separator has-alpha-channel-opacity\"\/>\n\n\n\n<h2 class=\"wp-block-heading\"><strong>ACTUALIZACIONES DE ESTA POL\u00cdTICA<\/strong><\/h2>\n\n\n\n<p>La fecha de vigencia de esta Pol\u00edtica de Privacidad es el 23 de julio de 2024. Nos reservamos el derecho de modificar o enmendar esta Pol\u00edtica de Privacidad en cualquier momento. Todos los cambios ser\u00e1n efectivos inmediatamente despu\u00e9s de publicarse en este sitio web. Te recomendamos que revises esta Pol\u00edtica de Privacidad de vez en cuando para que sepas si la Pol\u00edtica de Privacidad ha sido modificada o actualizada. Al acceder o usar este sitio web despu\u00e9s de que se publiquen dichos cambios, aceptas y consientes todos esos cambios.<\/p>\n\n\n\n<hr class=\"wp-block-separator has-alpha-channel-opacity\"\/>\n\n\n\n<h2 class=\"wp-block-heading\"><strong>CONT\u00c1CTANOS<\/strong><\/h2>\n\n\n\n<p>Si tienes preguntas o inquietudes sobre esta Pol\u00edtica de Privacidad o c\u00f3mo recopilamos y utilizamos la informaci\u00f3n de nuestros clientes, puedes contactarnos enviando un correo electr\u00f3nico a tienda@cafetoycamellia.es.<\/p>\n\n\n\n<hr class=\"wp-block-separator has-alpha-channel-opacity\"\/>\n\n\n\n<h2 class=\"wp-block-heading\"><strong>PROCESO DE COMPRA<\/strong><\/h2>\n\n\n\n<p>Recopilamos informaci\u00f3n sobre ti durante el proceso de compra en nuestra tienda.<\/p>\n\n\n\n<p><strong>Lo que recopilamos y almacenamos<\/strong><br>Mientras visitas nuestro sitio, realizamos un seguimiento de:<\/p>\n\n\n\n<ul class=\"wp-block-list\">\n<li>Productos que has visto: utilizaremos esto, por ejemplo, para mostrarte productos que has visto recientemente.<\/li>\n\n\n\n<li>Ubicaci\u00f3n, direcci\u00f3n IP y tipo de navegador: utilizaremos esto para prop\u00f3sitos como la estimaci\u00f3n de impuestos y env\u00edo.<\/li>\n\n\n\n<li>Direcci\u00f3n de env\u00edo: te pediremos que la ingreses para poder, por ejemplo, estimar el env\u00edo antes de realizar un pedido y enviarte el pedido.<\/li>\n<\/ul>\n\n\n\n<p>Tambi\u00e9n utilizamos cookies para mantener un seguimiento del contenido del carrito mientras navegas por nuestro sitio.<\/p>\n\n\n\n<p>Cuando compras en nuestra tienda, te pediremos que proporciones informaci\u00f3n incluyendo tu nombre, direcci\u00f3n de facturaci\u00f3n, direcci\u00f3n de env\u00edo, direcci\u00f3n de correo electr\u00f3nico, n\u00famero de tel\u00e9fono, detalles de la tarjeta de cr\u00e9dito\/pago y opcionalmente informaci\u00f3n de cuenta como nombre de usuario y contrase\u00f1a. Usaremos esta informaci\u00f3n para prop\u00f3sitos tales como:<\/p>\n\n\n\n<ul class=\"wp-block-list\">\n<li>Enviarte informaci\u00f3n sobre tu cuenta y pedido.<\/li>\n\n\n\n<li>Responder a tus solicitudes, incluidos reembolsos y quejas.<\/li>\n\n\n\n<li>Procesar pagos y prevenir el fraude.<\/li>\n\n\n\n<li>Configurar tu cuenta para nuestra tienda.<\/li>\n\n\n\n<li>Cumplir con cualquier obligaci\u00f3n legal que tengamos, como el c\u00e1lculo de impuestos.<\/li>\n\n\n\n<li>Mejorar nuestras ofertas de tienda.<\/li>\n\n\n\n<li>Enviarte mensajes de marketing, si eliges recibirlos.<\/li>\n<\/ul>\n\n\n\n<p>Si creas una cuenta, almacenaremos tu nombre, direcci\u00f3n, correo electr\u00f3nico y n\u00famero de tel\u00e9fono, que se utilizar\u00e1n para completar el pago para futuros pedidos.<\/p>\n\n\n\n<p>Generalmente almacenamos informaci\u00f3n sobre ti mientras necesitamos la informaci\u00f3n para los fines para los que la recopilamos y usamos, y no estamos legalmente obligados a continuar conserv\u00e1ndola. Por ejemplo, almacenaremos la informaci\u00f3n de pedidos durante 10 a\u00f1os para fines fiscales y contables. Esto incluye tu nombre, direcci\u00f3n de correo electr\u00f3nico y direcciones de facturaci\u00f3n y env\u00edo.<\/p>\n\n\n\n<p>Tambi\u00e9n almacenaremos comentarios o rese\u00f1as, si decides dejarlos.<\/p>\n\n\n\n<hr class=\"wp-block-separator has-alpha-channel-opacity\"\/>\n\n\n\n<h2 class=\"wp-block-heading\"><strong>QUI\u00c9N EN NUESTRO EQUIPO TIENE ACCESO<\/strong><\/h2>\n\n\n\n<p>Los miembros de nuestro equipo tienen acceso a la informaci\u00f3n que nos proporcionas. Por ejemplo, tanto los Administradores como los Gerentes de Tienda pueden acceder a:<\/p>\n\n\n\n<ul class=\"wp-block-list\">\n<li>Informaci\u00f3n de pedido, como lo que se compr\u00f3, cu\u00e1ndo se compr\u00f3 y d\u00f3nde debe enviarse.<\/li>\n\n\n\n<li>Informaci\u00f3n del cliente, como tu nombre, direcci\u00f3n de correo electr\u00f3nico e informaci\u00f3n de facturaci\u00f3n y env\u00edo.<\/li>\n<\/ul>\n\n\n\n<p>Los miembros de nuestro equipo tienen acceso a esta informaci\u00f3n para ayudar a cumplir pedidos, procesar reembolsos y apoyarte.<\/p>\n\n\n\n<hr class=\"wp-block-separator has-alpha-channel-opacity\"\/>\n\n\n\n<h2 class=\"wp-block-heading\"><strong>LO QUE COMPARTIMOS CON OTROS<\/strong><\/h2>\n\n\n\n<p>Compartimos informaci\u00f3n con terceros que nos ayudan a proporcionar nuestros pedidos y servicios de tienda para ti; por ejemplo:<\/p>\n\n\n\n<h3 class=\"wp-block-heading\">Pagos<\/h3>\n\n\n\n<p>Aceptamos pagos a trav\u00e9s de Stripe. Al procesar pagos, algunos de tus datos ser\u00e1n pasados a Stripe, incluyendo la informaci\u00f3n requerida para procesar o apoyar el pago, como el total de la compra e informaci\u00f3n de facturaci\u00f3n.<\/p>\n\n\n\n<p>Consulta la Pol\u00edtica de Privacidad de Stripe para m\u00e1s detalles.\u00a0<a href=\"https:\/\/stripe.com\/privacy\" target=\"_blank\" rel=\"noreferrer noopener\">Pol\u00edtica de Privacidad de Stripe<\/a><\/p>\n\n\n\n<hr class=\"wp-block-separator has-alpha-channel-opacity\"\/>\n\n\n\n<h2 class=\"wp-block-heading\"><strong>REGISTRO Y AUTENTICACI\u00d3N<\/strong><\/h2>\n\n\n\n<p>Al registrarte o autenticarte, los Usuarios permiten que esta Aplicaci\u00f3n los identifique y les d\u00e9 acceso a servicios dedicados. Dependiendo de lo que se describe a continuaci\u00f3n, terceros pueden proporcionar servicios de registro y autenticaci\u00f3n. En este caso, esta Aplicaci\u00f3n podr\u00e1 acceder a algunos Datos, almacenados por estos servicios de terceros, con fines de registro o identificaci\u00f3n. Algunos de los servicios enumerados a continuaci\u00f3n tambi\u00e9n pueden recopilar Datos Personales para fines de segmentaci\u00f3n y elaboraci\u00f3n de perfiles; para obtener m\u00e1s informaci\u00f3n, consulta la descripci\u00f3n de cada servicio.<\/p>\n\n\n\n<p><strong>Registro y elaboraci\u00f3n de perfiles directos:<\/strong>&nbsp;al registrarse o autenticarse directamente a trav\u00e9s de esta Aplicaci\u00f3n, los Usuarios permiten que esta Aplicaci\u00f3n los identifique y les d\u00e9 acceso a servicios dedicados. El Propietario puede procesar los Datos recopilados cuando los Usuarios se registran o autentican tambi\u00e9n para fines de segmentaci\u00f3n y elaboraci\u00f3n de perfiles; para obtener m\u00e1s informaci\u00f3n, los Usuarios pueden contactar al Propietario utilizando los datos de contacto proporcionados en este documento. Datos personales procesados: direcci\u00f3n de facturaci\u00f3n; nombre de la empresa; pa\u00eds; condado; direcci\u00f3n de correo electr\u00f3nico; nombre; apellido; contrase\u00f1a; n\u00famero de tel\u00e9fono; direcci\u00f3n f\u00edsica; direcci\u00f3n de env\u00edo; ID de usuario; nombre de usuario; c\u00f3digo postal.<\/p>","protected":false},"excerpt":{"rendered":"<p>INFORMACI\u00d3N DE CONTACTO Propietario y Controlador de DatosMolino, Silvia Beatriz (Cafeto y Camellia)Calle Calixto lll, 45, CP 46008, Valencia, Espa\u00f1aCorreo [&hellip;]<\/p>\n","protected":false},"author":1,"featured_media":0,"parent":0,"menu_order":0,"comment_status":"closed","ping_status":"closed","template":"","meta":{"site-sidebar-layout":"default","site-content-layout":"","ast-site-content-layout":"narrow-width-container","site-content-style":"default","site-sidebar-style":"default","ast-global-header-display":"","ast-banner-title-visibility":"","ast-main-header-display":"","ast-hfb-above-header-display":"","ast-hfb-below-header-display":"","ast-hfb-mobile-header-display":"","site-post-title":"disabled","ast-breadcrumbs-content":"","ast-featured-img":"","footer-sml-layout":"","ast-disable-related-posts":"","theme-transparent-header-meta":"","adv-header-id-meta":"","stick-header-meta":"","header-above-stick-meta":"","header-main-stick-meta":"","header-below-stick-meta":"","astra-migrate-meta-layouts":"default","ast-page-background-enabled":"default","ast-page-background-meta":{"desktop":{"background-color":"var(--ast-global-color-4)","background-image":"","background-repeat":"repeat","background-position":"center center","background-size":"auto","background-attachment":"scroll","background-type":"","background-media":"","overlay-type":"","overlay-color":"","overlay-opacity":"","overlay-gradient":""},"tablet":{"background-color":"","background-image":"","background-repeat":"repeat","background-position":"center center","background-size":"auto","background-attachment":"scroll","background-type":"","background-media":"","overlay-type":"","overlay-color":"","overlay-opacity":"","overlay-gradient":""},"mobile":{"background-color":"","background-image":"","background-repeat":"repeat","background-position":"center center","background-size":"auto","background-attachment":"scroll","background-type":"","background-media":"","overlay-type":"","overlay-color":"","overlay-opacity":"","overlay-gradient":""}},"ast-content-background-meta":{"desktop":{"background-color":"var(--ast-global-color-5)","background-image":"","background-repeat":"repeat","background-position":"center center","background-size":"auto","background-attachment":"scroll","background-type":"","background-media":"","overlay-type":"","overlay-color":"","overlay-opacity":"","overlay-gradient":""},"tablet":{"background-color":"var(--ast-global-color-5)","background-image":"","background-repeat":"repeat","background-position":"center center","background-size":"auto","background-attachment":"scroll","background-type":"","background-media":"","overlay-type":"","overlay-color":"","overlay-opacity":"","overlay-gradient":""},"mobile":{"background-color":"var(--ast-global-color-5)","background-image":"","background-repeat":"repeat","background-position":"center center","background-size":"auto","background-attachment":"scroll","background-type":"","background-media":"","overlay-type":"","overlay-color":"","overlay-opacity":"","overlay-gradient":""}},"footnotes":""},"class_list":["post-3684","page","type-page","status-publish","hentry"],"_links":{"self":[{"href":"https:\/\/cafetoycamellia.es\/en\/wp-json\/wp\/v2\/pages\/3684","targetHints":{"allow":["GET"]}}],"collection":[{"href":"https:\/\/cafetoycamellia.es\/en\/wp-json\/wp\/v2\/pages"}],"about":[{"href":"https:\/\/cafetoycamellia.es\/en\/wp-json\/wp\/v2\/types\/page"}],"author":[{"embeddable":true,"href":"https:\/\/cafetoycamellia.es\/en\/wp-json\/wp\/v2\/users\/1"}],"replies":[{"embeddable":true,"href":"https:\/\/cafetoycamellia.es\/en\/wp-json\/wp\/v2\/comments?post=3684"}],"version-history":[{"count":4,"href":"https:\/\/cafetoycamellia.es\/en\/wp-json\/wp\/v2\/pages\/3684\/revisions"}],"predecessor-version":[{"id":3706,"href":"https:\/\/cafetoycamellia.es\/en\/wp-json\/wp\/v2\/pages\/3684\/revisions\/3706"}],"wp:attachment":[{"href":"https:\/\/cafetoycamellia.es\/en\/wp-json\/wp\/v2\/media?parent=3684"}],"curies":[{"name":"wp","href":"https:\/\/api.w.org\/{rel}","templated":true}]}}