{"id":3683,"date":"2024-07-24T13:01:30","date_gmt":"2024-07-24T11:01:30","guid":{"rendered":"https:\/\/cafetoycamellia.es\/?page_id=3683"},"modified":"2024-07-24T13:48:08","modified_gmt":"2024-07-24T11:48:08","slug":"politica-de-cookies","status":"publish","type":"page","link":"https:\/\/cafetoycamellia.es\/en\/politica-de-cookies\/","title":{"rendered":"Pol\u00edtica de Cookies"},"content":{"rendered":"<h2 class=\"wp-block-heading\"><strong>Pol\u00edtica de Cookies de https:\/\/cafetoycamellia.es<\/strong><\/h2>\n\n\n\n<p>Este documento informa a los Usuarios sobre las tecnolog\u00edas que ayudan a esta Aplicaci\u00f3n a lograr los prop\u00f3sitos descritos a continuaci\u00f3n. Estas tecnolog\u00edas permiten al Propietario acceder y almacenar informaci\u00f3n (por ejemplo, mediante una Cookie) o usar recursos (por ejemplo, ejecutando un script) en el dispositivo de un Usuario mientras interact\u00faan con esta Aplicaci\u00f3n.<\/p>\n\n\n\n<p>Para simplificar, todas estas tecnolog\u00edas se definen como \u00abRastreadores\u00bb dentro de este documento, a menos que haya una raz\u00f3n para diferenciarlas. Por ejemplo, aunque las Cookies se pueden usar en navegadores web y m\u00f3viles, ser\u00eda incorrecto hablar de Cookies en el contexto de aplicaciones m\u00f3viles, ya que son un Rastreador basado en navegador. Por esta raz\u00f3n, dentro de este documento, el t\u00e9rmino Cookies solo se usa cuando se indica espec\u00edficamente ese tipo particular de Rastreador.<\/p>\n\n\n\n<p>Algunos de los prop\u00f3sitos para los cuales se utilizan los Rastreadores tambi\u00e9n pueden requerir el consentimiento del Usuario. Siempre que se otorgue el consentimiento, puede retirarse libremente en cualquier momento siguiendo las instrucciones proporcionadas en este documento.<\/p>\n\n\n\n<p>Esta Aplicaci\u00f3n solo utiliza Rastreadores gestionados directamente por el Propietario (los llamados \u00abRastreadores de primera parte\u00bb). La validez y los per\u00edodos de expiraci\u00f3n de las Cookies de primera parte y otros Rastreadores similares pueden variar dependiendo de la vida \u00fatil establecida por el Propietario. Algunos de ellos expiran al finalizar la sesi\u00f3n de navegaci\u00f3n del Usuario.<\/p>\n\n\n\n<hr class=\"wp-block-separator has-alpha-channel-opacity\"\/>\n\n\n\n<h2 class=\"wp-block-heading\"><strong>Actividades estrictamente necesarias para el funcionamiento de esta Aplicaci\u00f3n y la prestaci\u00f3n del Servicio<\/strong><\/h2>\n\n\n\n<p>Esta Aplicaci\u00f3n utiliza las llamadas Cookies \u00abt\u00e9cnicas\u00bb y otros Rastreadores similares para llevar a cabo actividades que son estrictamente necesarias para el funcionamiento o la entrega del Servicio.<\/p>\n\n\n\n<hr class=\"wp-block-separator has-alpha-channel-opacity\"\/>\n\n\n\n<h2 class=\"wp-block-heading\"><strong>Propietario y Controlador de Datos<\/strong><\/h2>\n\n\n\n<p>Molino, Silvia Beatriz (Cafeto y Camellia)<br>Calle Calixto lll, 45, CP 46008, Valencia, Espa\u00f1a<br>Correo electr\u00f3nico de contacto: tienda@cafetoycamellia.es<\/p>\n\n\n\n<p>Dada la complejidad objetiva que rodea a las tecnolog\u00edas de rastreo, se alienta a los Usuarios a contactar con el Propietario si desean recibir m\u00e1s informaci\u00f3n sobre el uso de dichas tecnolog\u00edas por parte de esta Aplicaci\u00f3n.<\/p>\n\n\n\n<hr class=\"wp-block-separator has-alpha-channel-opacity\"\/>\n\n\n\n<h2 class=\"wp-block-heading\"><strong>Definiciones y referencias legales<\/strong><\/h2>\n\n\n\n<p><strong>Datos Personales (o Datos):<\/strong>&nbsp;Cualquier informaci\u00f3n que directa, indirectamente, o en conexi\u00f3n con otra informaci\u00f3n, incluyendo un n\u00famero de identificaci\u00f3n personal, permita la identificaci\u00f3n o identificabilidad de una persona f\u00edsica.<\/p>\n\n\n\n<p><strong>Datos de Uso:<\/strong>&nbsp;Informaci\u00f3n recopilada autom\u00e1ticamente a trav\u00e9s de esta Aplicaci\u00f3n (o servicios de terceros empleados en esta Aplicaci\u00f3n), que puede incluir: las direcciones IP o nombres de dominio de las computadoras utilizadas por los Usuarios que usan esta Aplicaci\u00f3n, las direcciones URI (Uniform Resource Identifier), el tiempo de la solicitud, el m\u00e9todo utilizado para enviar la solicitud al servidor, el tama\u00f1o del archivo recibido en respuesta, el c\u00f3digo num\u00e9rico que indica el estado de la respuesta del servidor (resultado satisfactorio, error, etc.), el pa\u00eds de origen, las caracter\u00edsticas del navegador y el sistema operativo utilizado por el Usuario, los diversos detalles de tiempo por visita (por ejemplo, el tiempo pasado en cada p\u00e1gina dentro de la Aplicaci\u00f3n) y los detalles sobre el camino seguido dentro de la Aplicaci\u00f3n con especial referencia a la secuencia de p\u00e1ginas visitadas, y otros par\u00e1metros sobre el sistema operativo del dispositivo y\/o el entorno de TI del Usuario.<\/p>\n\n\n\n<p><strong>Usuario:<\/strong>&nbsp;La persona que utiliza esta Aplicaci\u00f3n, que, salvo que se especifique lo contrario, coincide con el Sujeto de los Datos.<\/p>\n\n\n\n<p><strong>Sujeto de los Datos:<\/strong>&nbsp;La persona f\u00edsica a quien se refieren los Datos Personales.<\/p>\n\n\n\n<p><strong>Procesador de Datos (o Encargado del Tratamiento):<\/strong>\u00a0La persona f\u00edsica o jur\u00eddica, autoridad p\u00fablica, agencia u otro organismo que procesa los Datos Personales en nombre del Controlador, como se describe en esta pol\u00edtica de privacidad.<\/p>\n\n\n\n<p><strong>Controlador de Datos (o Propietario):<\/strong>&nbsp;La persona f\u00edsica o jur\u00eddica, autoridad p\u00fablica, agencia u otro organismo que, solo o conjuntamente con otros, determina los prop\u00f3sitos y medios del tratamiento de Datos Personales, incluidas las medidas de seguridad relativas al funcionamiento y uso de esta Aplicaci\u00f3n. El Controlador de Datos, salvo que se especifique lo contrario, es el Propietario de esta Aplicaci\u00f3n.<\/p>\n\n\n\n<p><strong>Esta Aplicaci\u00f3n:<\/strong>&nbsp;El medio por el cual se recopilan y procesan los Datos Personales del Usuario.<\/p>\n\n\n\n<p><strong>Servicio:<\/strong>&nbsp;El servicio proporcionado por esta Aplicaci\u00f3n tal como se describe en los t\u00e9rminos relativos (si est\u00e1n disponibles) y en este sitio\/aplicaci\u00f3n.<\/p>\n\n\n\n<p><strong>Uni\u00f3n Europea (o UE):<\/strong>&nbsp;Salvo que se especifique lo contrario, todas las referencias hechas dentro de este documento a la Uni\u00f3n Europea incluyen todos los estados miembros actuales de la Uni\u00f3n Europea y el Espacio Econ\u00f3mico Europeo.<\/p>\n\n\n\n<p><strong>Cookie:<\/strong>&nbsp;Las Cookies son Rastreadores que consisten en peque\u00f1os conjuntos de datos almacenados en el navegador del Usuario.<\/p>\n\n\n\n<p><strong>Rastreador:<\/strong>&nbsp;Rastreador indica cualquier tecnolog\u00eda, como Cookies, identificadores \u00fanicos, web beacons, scripts incrustados, etiquetas electr\u00f3nicas y huellas digitales, que permite el seguimiento de Usuarios, por ejemplo, accediendo o almacenando informaci\u00f3n en el dispositivo del Usuario.<\/p>\n\n\n\n<hr class=\"wp-block-separator has-alpha-channel-opacity\"\/>\n\n\n\n<h2 class=\"wp-block-heading\"><strong>Informaci\u00f3n legal<\/strong><\/h2>\n\n\n\n<p>Esta declaraci\u00f3n de privacidad ha sido preparada en base a disposiciones de m\u00faltiples legislaciones.<\/p>\n\n\n\n<p>Esta pol\u00edtica de privacidad se refiere \u00fanicamente a esta Aplicaci\u00f3n, si no se indica lo contrario dentro de este documento.<\/p>\n\n\n\n<p><strong>\u00daltima actualizaci\u00f3n:<\/strong>&nbsp;23 de julio de 2024<\/p>","protected":false},"excerpt":{"rendered":"<p>Pol\u00edtica de Cookies de https:\/\/cafetoycamellia.es Este documento informa a los Usuarios sobre las tecnolog\u00edas que ayudan a esta Aplicaci\u00f3n a [&hellip;]<\/p>\n","protected":false},"author":1,"featured_media":0,"parent":0,"menu_order":0,"comment_status":"closed","ping_status":"closed","template":"","meta":{"site-sidebar-layout":"default","site-content-layout":"","ast-site-content-layout":"narrow-width-container","site-content-style":"default","site-sidebar-style":"default","ast-global-header-display":"","ast-banner-title-visibility":"","ast-main-header-display":"","ast-hfb-above-header-display":"","ast-hfb-below-header-display":"","ast-hfb-mobile-header-display":"","site-post-title":"disabled","ast-breadcrumbs-content":"","ast-featured-img":"","footer-sml-layout":"","ast-disable-related-posts":"","theme-transparent-header-meta":"","adv-header-id-meta":"","stick-header-meta":"","header-above-stick-meta":"","header-main-stick-meta":"","header-below-stick-meta":"","astra-migrate-meta-layouts":"default","ast-page-background-enabled":"default","ast-page-background-meta":{"desktop":{"background-color":"var(--ast-global-color-4)","background-image":"","background-repeat":"repeat","background-position":"center center","background-size":"auto","background-attachment":"scroll","background-type":"","background-media":"","overlay-type":"","overlay-color":"","overlay-opacity":"","overlay-gradient":""},"tablet":{"background-color":"","background-image":"","background-repeat":"repeat","background-position":"center center","background-size":"auto","background-attachment":"scroll","background-type":"","background-media":"","overlay-type":"","overlay-color":"","overlay-opacity":"","overlay-gradient":""},"mobile":{"background-color":"","background-image":"","background-repeat":"repeat","background-position":"center center","background-size":"auto","background-attachment":"scroll","background-type":"","background-media":"","overlay-type":"","overlay-color":"","overlay-opacity":"","overlay-gradient":""}},"ast-content-background-meta":{"desktop":{"background-color":"var(--ast-global-color-5)","background-image":"","background-repeat":"repeat","background-position":"center center","background-size":"auto","background-attachment":"scroll","background-type":"","background-media":"","overlay-type":"","overlay-color":"","overlay-opacity":"","overlay-gradient":""},"tablet":{"background-color":"var(--ast-global-color-5)","background-image":"","background-repeat":"repeat","background-position":"center center","background-size":"auto","background-attachment":"scroll","background-type":"","background-media":"","overlay-type":"","overlay-color":"","overlay-opacity":"","overlay-gradient":""},"mobile":{"background-color":"var(--ast-global-color-5)","background-image":"","background-repeat":"repeat","background-position":"center center","background-size":"auto","background-attachment":"scroll","background-type":"","background-media":"","overlay-type":"","overlay-color":"","overlay-opacity":"","overlay-gradient":""}},"footnotes":""},"class_list":["post-3683","page","type-page","status-publish","hentry"],"_links":{"self":[{"href":"https:\/\/cafetoycamellia.es\/en\/wp-json\/wp\/v2\/pages\/3683","targetHints":{"allow":["GET"]}}],"collection":[{"href":"https:\/\/cafetoycamellia.es\/en\/wp-json\/wp\/v2\/pages"}],"about":[{"href":"https:\/\/cafetoycamellia.es\/en\/wp-json\/wp\/v2\/types\/page"}],"author":[{"embeddable":true,"href":"https:\/\/cafetoycamellia.es\/en\/wp-json\/wp\/v2\/users\/1"}],"replies":[{"embeddable":true,"href":"https:\/\/cafetoycamellia.es\/en\/wp-json\/wp\/v2\/comments?post=3683"}],"version-history":[{"count":3,"href":"https:\/\/cafetoycamellia.es\/en\/wp-json\/wp\/v2\/pages\/3683\/revisions"}],"predecessor-version":[{"id":3696,"href":"https:\/\/cafetoycamellia.es\/en\/wp-json\/wp\/v2\/pages\/3683\/revisions\/3696"}],"wp:attachment":[{"href":"https:\/\/cafetoycamellia.es\/en\/wp-json\/wp\/v2\/media?parent=3683"}],"curies":[{"name":"wp","href":"https:\/\/api.w.org\/{rel}","templated":true}]}}