{"id":3676,"date":"2024-07-24T12:44:00","date_gmt":"2024-07-24T10:44:00","guid":{"rendered":"https:\/\/cafetoycamellia.es\/?page_id=3676"},"modified":"2025-05-11T19:44:43","modified_gmt":"2025-05-11T17:44:43","slug":"terminos-y-condiciones","status":"publish","type":"page","link":"https:\/\/cafetoycamellia.es\/en\/terminos-y-condiciones\/","title":{"rendered":"T\u00e9rminos y Condiciones"},"content":{"rendered":"<p>Estos T\u00e9rminos y Condiciones de Venta (\u201cT\u00e9rminos\u201d) rigen la venta de productos (\u201cProductos\u201d) por Molino, Silvia Beatriz (Cafeto y Camellia) (\u201cVendedor\u201d, \u201cnosotros\u201d, \u201cnos\u201d o \u201cnuestro\u201d) a usted (\u201cCliente\u201d, \u201custed\u201d o \u201csu\u201d) a trav\u00e9s del sitio web ubicado en&nbsp;<a href=\"https:\/\/cafetoycamellia.es\/en\/\" target=\"_blank\" rel=\"noreferrer noopener\">https:\/\/cafetoycamellia.es\/<\/a>. Al realizar un pedido de Productos a trav\u00e9s del Sitio, usted acepta estar sujeto a estos T\u00e9rminos. Por favor, lea estos T\u00e9rminos cuidadosamente antes de realizar su pedido.<\/p>\n\n\n\n<h2 class=\"wp-block-heading\">Pedidos<\/h2>\n\n\n\n<h3 class=\"wp-block-heading\">Aceptaci\u00f3n de Pedidos<\/h3>\n\n\n\n<p>Todos los pedidos realizados a trav\u00e9s del Sitio est\u00e1n sujetos a nuestra aceptaci\u00f3n. Nos reservamos el derecho de rechazar o cancelar cualquier pedido por cualquier motivo en cualquier momento.<\/p>\n\n\n\n<h3 class=\"wp-block-heading\">Disponibilidad de Productos<\/h3>\n\n\n\n<p>Todos los pedidos est\u00e1n sujetos a la disponibilidad de Productos. Podemos limitar o cancelar las cantidades ofrecidas en nuestro Sitio o limitar las ventas de nuestros Productos a cualquier persona, hogar, regi\u00f3n geogr\u00e1fica o jurisdicci\u00f3n.<\/p>\n\n\n\n<h3 class=\"wp-block-heading\">Exactitud de la Informaci\u00f3n<\/h3>\n\n\n\n<p>Nos esforzamos por proporcionar informaci\u00f3n precisa sobre los productos y precios, pero pueden ocurrir errores. En caso de que un Producto est\u00e9 listado a un precio incorrecto o con informaci\u00f3n incorrecta debido a un error tipogr\u00e1fico o error en la informaci\u00f3n de precios o del Producto recibida de nuestros proveedores, tendremos el derecho de rechazar o cancelar cualquier pedido realizado para Productos listados al precio incorrecto. Tendremos el derecho de rechazar o cancelar dichos pedidos, ya sea que el pedido haya sido confirmado y su m\u00e9todo de pago haya sido cargado o no. Si su m\u00e9todo de pago ya ha sido cargado por la compra y su pedido es cancelado, emitiremos un cr\u00e9dito a su cuenta del m\u00e9todo de pago por el monto del precio incorrecto.<\/p>\n\n\n\n<h2 class=\"wp-block-heading\">Precios y Pagos<\/h2>\n\n\n\n<h3 class=\"wp-block-heading\">Precios<\/h3>\n\n\n\n<p>Todos los precios de los Productos est\u00e1n listados en Euros e incluyen los impuestos aplicables, pero excluyen los gastos de env\u00edo y manejo, a menos que se indique lo contrario.<\/p>\n\n\n\n<h3 class=\"wp-block-heading\">Pago<\/h3>\n\n\n\n<p>El pago de todos los pedidos debe hacerse en su totalidad al momento de realizar el pedido. Aceptamos pagos a trav\u00e9s de Stripe o transferencia bancaria directa. Al proporcionar un m\u00e9todo de pago, usted declara y garantiza que est\u00e1 autorizado a usar el m\u00e9todo de pago designado y que nos autoriza a cargar su m\u00e9todo de pago por el monto total de su pedido (incluidos los impuestos aplicables y los gastos de env\u00edo).<\/p>\n\n\n\n<h3 class=\"wp-block-heading\">Impuestos<\/h3>\n\n\n\n<p>Usted es responsable de los impuestos aplicables, incluidos, sin limitaci\u00f3n, los impuestos sobre ventas, uso y valor agregado.<\/p>\n\n\n\n<h2 class=\"wp-block-heading\">Env\u00edo y Entrega<\/h2>\n\n\n\n<h3 class=\"wp-block-heading\">Destinos de Env\u00edo<\/h3>\n\n\n\n<p>Enviamos Productos solo a Espa\u00f1a.<\/p>\n\n\n\n<h3 class=\"wp-block-heading\">Costos de Env\u00edo<\/h3>\n\n\n\n<p><strong>Espa\u00f1a (Pen\u00ednsula):<\/strong> Env\u00edo gratuito para pedidos superiores a 55,00 \u20ac. Para pedidos inferiores, el costo de env\u00edo es de 5,90 \u20ac.<\/p>\n\n\n\n<p><strong>Baleares:<\/strong> El costo de env\u00edo es de 11,90 \u20ac, sin opci\u00f3n de env\u00edo gratuito.<\/p>\n\n\n\n<h3 class=\"wp-block-heading\">Tiempo de Entrega<\/h3>\n\n\n\n<p>Los pedidos se env\u00edan dentro de los 5 d\u00edas a partir de la recepci\u00f3n del pago.<\/p>\n\n\n\n<h2 class=\"wp-block-heading\">Devoluciones y Reembolsos<\/h2>\n\n\n\n<h3 class=\"wp-block-heading\">Devoluciones<\/h3>\n\n\n\n<p>Aceptamos devoluciones de Productos de acuerdo con nuestra Pol\u00edtica de Devoluciones. Por favor, revise nuestra Pol\u00edtica de Devoluciones&nbsp;<a href=\"#\">aqu\u00ed<\/a>&nbsp;para obtener informaci\u00f3n detallada sobre el proceso de devoluci\u00f3n y los criterios de elegibilidad.<\/p>\n\n\n\n<h3 class=\"wp-block-heading\">Reembolsos<\/h3>\n\n\n\n<p>Los reembolsos por Productos devueltos se emitir\u00e1n de acuerdo con nuestra Pol\u00edtica de Devoluciones.<\/p>\n\n\n\n<h3 class=\"wp-block-heading\">Pol\u00edtica de Devoluciones\/Cancelaciones<\/h3>\n\n\n\n<p>Si los productos se devuelven debido a defectos, siempre que se devuelvan dentro de un tiempo razonable, el remedio que se ofrece al cliente es un reembolso.<\/p>\n\n\n\n<h2 class=\"wp-block-heading\">Limitaci\u00f3n de Responsabilidad<\/h2>\n\n\n\n<p>En la m\u00e1xima medida permitida por la ley aplicable, en ning\u00fan caso seremos responsables por da\u00f1os indirectos, incidentales, especiales, consecuentes o punitivos, o cualquier p\u00e9rdida de beneficios o ingresos, ya sea incurridos directa o indirectamente, o cualquier p\u00e9rdida de datos, uso, buena voluntad u otras p\u00e9rdidas intangibles, resultantes de (a) su acceso o uso o incapacidad de acceder o usar el Sitio o los Productos; (b) cualquier conducta o contenido de un tercero en el Sitio; (c) cualquier contenido obtenido del Sitio; o (d) acceso no autorizado, uso o alteraci\u00f3n de sus transmisiones o contenido, ya sea basado en garant\u00eda, contrato, agravio (incluyendo negligencia) o cualquier otra teor\u00eda legal, ya sea o no que hayamos sido informados de la posibilidad de tales da\u00f1os, e incluso si se encuentra que un remedio establecido en este documento ha fallado en su prop\u00f3sito esencial.<\/p>\n\n\n\n<h2 class=\"wp-block-heading\">Ley Aplicable<\/h2>\n\n\n\n<p>Estos T\u00e9rminos se regir\u00e1n e interpretar\u00e1n de acuerdo con las leyes de Espa\u00f1a sin tener en cuenta sus disposiciones sobre conflictos de leyes.<\/p>\n\n\n\n<h2 class=\"wp-block-heading\">Enmiendas<\/h2>\n\n\n\n<p>Nos reservamos el derecho de actualizar o modificar estos T\u00e9rminos en cualquier momento sin previo aviso. Cualquier cambio a estos T\u00e9rminos ser\u00e1 efectivo al publicar los T\u00e9rminos revisados en el Sitio. Al continuar accediendo o utilizando el Sitio o realizar pedidos de Productos despu\u00e9s de que las revisiones sean efectivas, usted acepta estar sujeto a los T\u00e9rminos actualizados.<\/p>\n\n\n\n<h2 class=\"wp-block-heading\">Cont\u00e1ctenos<\/h2>\n\n\n\n<p>Si tiene alguna pregunta sobre estos T\u00e9rminos, por favor cont\u00e1ctenos en&nbsp;<a href=\"mailto:tienda@cafetoycamellia.es\">tienda@cafetoycamellia.es<\/a>.<\/p>\n\n\n\n<p>Al aceptar nuestros T\u00e9rminos y Condiciones, usted acepta nuestra Pol\u00edtica de Privacidad.<\/p>\n\n\n\n<p><\/p>","protected":false},"excerpt":{"rendered":"<p>Estos T\u00e9rminos y Condiciones de Venta (\u201cT\u00e9rminos\u201d) rigen la venta de productos (\u201cProductos\u201d) por Molino, Silvia Beatriz (Cafeto y Camellia) [&hellip;]<\/p>\n","protected":false},"author":1,"featured_media":0,"parent":0,"menu_order":0,"comment_status":"closed","ping_status":"closed","template":"","meta":{"site-sidebar-layout":"default","site-content-layout":"","ast-site-content-layout":"narrow-width-container","site-content-style":"default","site-sidebar-style":"default","ast-global-header-display":"","ast-banner-title-visibility":"","ast-main-header-display":"","ast-hfb-above-header-display":"","ast-hfb-below-header-display":"","ast-hfb-mobile-header-display":"","site-post-title":"","ast-breadcrumbs-content":"","ast-featured-img":"","footer-sml-layout":"","ast-disable-related-posts":"","theme-transparent-header-meta":"","adv-header-id-meta":"","stick-header-meta":"","header-above-stick-meta":"","header-main-stick-meta":"","header-below-stick-meta":"","astra-migrate-meta-layouts":"default","ast-page-background-enabled":"default","ast-page-background-meta":{"desktop":{"background-color":"var(--ast-global-color-4)","background-image":"","background-repeat":"repeat","background-position":"center center","background-size":"auto","background-attachment":"scroll","background-type":"","background-media":"","overlay-type":"","overlay-color":"","overlay-opacity":"","overlay-gradient":""},"tablet":{"background-color":"","background-image":"","background-repeat":"repeat","background-position":"center center","background-size":"auto","background-attachment":"scroll","background-type":"","background-media":"","overlay-type":"","overlay-color":"","overlay-opacity":"","overlay-gradient":""},"mobile":{"background-color":"","background-image":"","background-repeat":"repeat","background-position":"center center","background-size":"auto","background-attachment":"scroll","background-type":"","background-media":"","overlay-type":"","overlay-color":"","overlay-opacity":"","overlay-gradient":""}},"ast-content-background-meta":{"desktop":{"background-color":"var(--ast-global-color-5)","background-image":"","background-repeat":"repeat","background-position":"center center","background-size":"auto","background-attachment":"scroll","background-type":"","background-media":"","overlay-type":"","overlay-color":"","overlay-opacity":"","overlay-gradient":""},"tablet":{"background-color":"var(--ast-global-color-5)","background-image":"","background-repeat":"repeat","background-position":"center center","background-size":"auto","background-attachment":"scroll","background-type":"","background-media":"","overlay-type":"","overlay-color":"","overlay-opacity":"","overlay-gradient":""},"mobile":{"background-color":"var(--ast-global-color-5)","background-image":"","background-repeat":"repeat","background-position":"center center","background-size":"auto","background-attachment":"scroll","background-type":"","background-media":"","overlay-type":"","overlay-color":"","overlay-opacity":"","overlay-gradient":""}},"footnotes":""},"class_list":["post-3676","page","type-page","status-publish","hentry"],"_links":{"self":[{"href":"https:\/\/cafetoycamellia.es\/en\/wp-json\/wp\/v2\/pages\/3676","targetHints":{"allow":["GET"]}}],"collection":[{"href":"https:\/\/cafetoycamellia.es\/en\/wp-json\/wp\/v2\/pages"}],"about":[{"href":"https:\/\/cafetoycamellia.es\/en\/wp-json\/wp\/v2\/types\/page"}],"author":[{"embeddable":true,"href":"https:\/\/cafetoycamellia.es\/en\/wp-json\/wp\/v2\/users\/1"}],"replies":[{"embeddable":true,"href":"https:\/\/cafetoycamellia.es\/en\/wp-json\/wp\/v2\/comments?post=3676"}],"version-history":[{"count":12,"href":"https:\/\/cafetoycamellia.es\/en\/wp-json\/wp\/v2\/pages\/3676\/revisions"}],"predecessor-version":[{"id":6491,"href":"https:\/\/cafetoycamellia.es\/en\/wp-json\/wp\/v2\/pages\/3676\/revisions\/6491"}],"wp:attachment":[{"href":"https:\/\/cafetoycamellia.es\/en\/wp-json\/wp\/v2\/media?parent=3676"}],"curies":[{"name":"wp","href":"https:\/\/api.w.org\/{rel}","templated":true}]}}