{"id":3644,"date":"2024-07-12T16:38:04","date_gmt":"2024-07-12T14:38:04","guid":{"rendered":"https:\/\/cafetoycamellia.es\/?page_id=3644"},"modified":"2024-07-29T16:42:34","modified_gmt":"2024-07-29T14:42:34","slug":"obten-tu-franquicia","status":"publish","type":"page","link":"https:\/\/cafetoycamellia.es\/en\/obten-tu-franquicia\/","title":{"rendered":"Obt\u00e9n tu franquicia"},"content":{"rendered":"<p>\u00a1Obt\u00e9n tu franquicia de Cafeto y Camellia!<\/p>\n\n\n\n<p>Si te apasionan el caf\u00e9, el t\u00e9 y las infusiones, y sue\u00f1as con tener tu propio negocio, te invitamos a ser pionero en nuestra marca. En Cafeto y Camellia estamos iniciando nuestra expansi\u00f3n y queremos que formes parte de este emocionante proyecto desde el principio.<\/p>\n\n\n\n<p>Al convertirte en nuestro franquiciado, recibir\u00e1s todo el apoyo necesario para el \u00e9xito de tu negocio, incluyendo:<\/p>\n\n\n\n<ul class=\"wp-block-list\">\n<li>Formaci\u00f3n y capacitaci\u00f3n integral en la preparaci\u00f3n y servicio de caf\u00e9, t\u00e9 e infusiones.<\/li>\n\n\n\n<li>Asistencia en la selecci\u00f3n y adecuaci\u00f3n del local.<\/li>\n\n\n\n<li>Suministro continuo de nuestros productos exclusivos y de alta calidad.<\/li>\n\n\n\n<li>Material de marketing y promoci\u00f3n para atraer y fidelizar a tus clientes.<\/li>\n<\/ul>\n\n\n\n<p>Si est\u00e1s interesado en esta emocionante oportunidad, escr\u00edbenos a <a href=\"mailto:tienda@cafetoycamellia.es\">tienda@cafetoycamellia.es<\/a>.<\/p>\n\n\n\n<p>\u00a1Te esperamos para comenzar juntos esta aventura empresarial!<\/p>\n\n\n\n<p><\/p>","protected":false},"excerpt":{"rendered":"<p>\u00a1Obt\u00e9n tu franquicia de Cafeto y Camellia! Si te apasionan el caf\u00e9, el t\u00e9 y las infusiones, y sue\u00f1as con [&hellip;]<\/p>\n","protected":false},"author":1,"featured_media":0,"parent":0,"menu_order":0,"comment_status":"closed","ping_status":"closed","template":"","meta":{"site-sidebar-layout":"default","site-content-layout":"","ast-site-content-layout":"default","site-content-style":"default","site-sidebar-style":"default","ast-global-header-display":"","ast-banner-title-visibility":"","ast-main-header-display":"","ast-hfb-above-header-display":"","ast-hfb-below-header-display":"","ast-hfb-mobile-header-display":"","site-post-title":"","ast-breadcrumbs-content":"","ast-featured-img":"","footer-sml-layout":"","ast-disable-related-posts":"","theme-transparent-header-meta":"","adv-header-id-meta":"","stick-header-meta":"","header-above-stick-meta":"","header-main-stick-meta":"","header-below-stick-meta":"","astra-migrate-meta-layouts":"default","ast-page-background-enabled":"default","ast-page-background-meta":{"desktop":{"background-color":"var(--ast-global-color-4)","background-image":"","background-repeat":"repeat","background-position":"center center","background-size":"auto","background-attachment":"scroll","background-type":"","background-media":"","overlay-type":"","overlay-color":"","overlay-opacity":"","overlay-gradient":""},"tablet":{"background-color":"","background-image":"","background-repeat":"repeat","background-position":"center center","background-size":"auto","background-attachment":"scroll","background-type":"","background-media":"","overlay-type":"","overlay-color":"","overlay-opacity":"","overlay-gradient":""},"mobile":{"background-color":"","background-image":"","background-repeat":"repeat","background-position":"center center","background-size":"auto","background-attachment":"scroll","background-type":"","background-media":"","overlay-type":"","overlay-color":"","overlay-opacity":"","overlay-gradient":""}},"ast-content-background-meta":{"desktop":{"background-color":"var(--ast-global-color-5)","background-image":"","background-repeat":"repeat","background-position":"center center","background-size":"auto","background-attachment":"scroll","background-type":"","background-media":"","overlay-type":"","overlay-color":"","overlay-opacity":"","overlay-gradient":""},"tablet":{"background-color":"var(--ast-global-color-5)","background-image":"","background-repeat":"repeat","background-position":"center center","background-size":"auto","background-attachment":"scroll","background-type":"","background-media":"","overlay-type":"","overlay-color":"","overlay-opacity":"","overlay-gradient":""},"mobile":{"background-color":"var(--ast-global-color-5)","background-image":"","background-repeat":"repeat","background-position":"center center","background-size":"auto","background-attachment":"scroll","background-type":"","background-media":"","overlay-type":"","overlay-color":"","overlay-opacity":"","overlay-gradient":""}},"footnotes":""},"class_list":["post-3644","page","type-page","status-publish","hentry"],"_links":{"self":[{"href":"https:\/\/cafetoycamellia.es\/en\/wp-json\/wp\/v2\/pages\/3644","targetHints":{"allow":["GET"]}}],"collection":[{"href":"https:\/\/cafetoycamellia.es\/en\/wp-json\/wp\/v2\/pages"}],"about":[{"href":"https:\/\/cafetoycamellia.es\/en\/wp-json\/wp\/v2\/types\/page"}],"author":[{"embeddable":true,"href":"https:\/\/cafetoycamellia.es\/en\/wp-json\/wp\/v2\/users\/1"}],"replies":[{"embeddable":true,"href":"https:\/\/cafetoycamellia.es\/en\/wp-json\/wp\/v2\/comments?post=3644"}],"version-history":[{"count":5,"href":"https:\/\/cafetoycamellia.es\/en\/wp-json\/wp\/v2\/pages\/3644\/revisions"}],"predecessor-version":[{"id":3734,"href":"https:\/\/cafetoycamellia.es\/en\/wp-json\/wp\/v2\/pages\/3644\/revisions\/3734"}],"wp:attachment":[{"href":"https:\/\/cafetoycamellia.es\/en\/wp-json\/wp\/v2\/media?parent=3644"}],"curies":[{"name":"wp","href":"https:\/\/api.w.org\/{rel}","templated":true}]}}